{"id":2279,"date":"2025-02-06T12:17:38","date_gmt":"2025-02-06T11:17:38","guid":{"rendered":"http:\/\/planet-parapente.com\/?page_id=2279"},"modified":"2025-02-12T12:01:18","modified_gmt":"2025-02-12T11:01:18","slug":"la-boutique-du-neuf-vous-propose-plusieurs-choix","status":"publish","type":"page","link":"http:\/\/planet-parapente.com\/?page_id=2279","title":{"rendered":"La Boutique de Planet Parapente vous propose: le Pack Eona 4"},"content":{"rendered":"\n<div class=\"wp-block-group\"><div class=\"wp-block-group__inner-container is-layout-constrained wp-block-group-is-layout-constrained\">\n<div class=\"wp-block-columns is-layout-flex wp-container-core-columns-is-layout-9d6595d7 wp-block-columns-is-layout-flex\">\n<div class=\"wp-block-column is-layout-flow wp-block-column-is-layout-flow\">\n<p class=\"has-medium-font-size\">Si vous avez d\u00e9j\u00e0 une certaine autonomie et je peux voler seul et je n&rsquo;ai de mat\u00e9riel alors je m&rsquo;\u00e9quipe<\/p>\n\n\n\n<p class=\"has-medium-font-size\">je vous propose le Pack Eona 4 de la marque <a href=\"https:\/\/supair.com\/\" data-type=\"link\" data-id=\"https:\/\/supair.com\/\"><strong>SUPAIR<\/strong><\/a><\/p>\n<\/div>\n\n\n\n<div class=\"wp-block-column is-layout-flow wp-block-column-is-layout-flow\"><\/div>\n\n\n\n<div class=\"wp-block-column is-layout-flow wp-block-column-is-layout-flow\">\n<figure class=\"wp-block-gallery alignright has-nested-images columns-default is-cropped wp-block-gallery-1 is-layout-flex wp-block-gallery-is-layout-flex\">\n<figure class=\"wp-block-image size-full\"><img loading=\"lazy\" decoding=\"async\" width=\"640\" height=\"430\" data-id=\"2420\" src=\"http:\/\/planet-parapente.com\/wp\/wp-content\/uploads\/2025\/02\/LogoPacEONA4640.jpg\" alt=\"\" class=\"wp-image-2420\" srcset=\"http:\/\/planet-parapente.com\/wp\/wp-content\/uploads\/2025\/02\/LogoPacEONA4640.jpg 640w, http:\/\/planet-parapente.com\/wp\/wp-content\/uploads\/2025\/02\/LogoPacEONA4640-300x202.jpg 300w, http:\/\/planet-parapente.com\/wp\/wp-content\/uploads\/2025\/02\/LogoPacEONA4640-272x182.jpg 272w\" sizes=\"auto, (max-width: 640px) 100vw, 640px\" \/><\/figure>\n<\/figure>\n\n\n\n<div class=\"wp-block-columns is-layout-flex wp-container-core-columns-is-layout-9d6595d7 wp-block-columns-is-layout-flex\">\n<div class=\"wp-block-column is-layout-flow wp-block-column-is-layout-flow\"><\/div>\n\n\n\n<div class=\"wp-block-column is-layout-flow wp-block-column-is-layout-flow\"><\/div>\n<\/div>\n<\/div>\n\n\n\n<div class=\"wp-block-column is-layout-flow wp-block-column-is-layout-flow\"><div class=\"wp-block-image\">\n<figure class=\"alignleft size-full is-resized\"><a href=\"https:\/\/supair.com\/\" target=\"_blank\" rel=\" noreferrer noopener\"><img loading=\"lazy\" decoding=\"async\" width=\"160\" height=\"140\" src=\"http:\/\/planet-parapente.com\/wp\/wp-content\/uploads\/2025\/02\/Supair160x160.png\" alt=\"\" class=\"wp-image-2501\" style=\"aspect-ratio:1;width:112px;height:auto\"\/><\/a><\/figure><\/div><\/div>\n<\/div>\n\n\n\n<p class=\"has-medium-font-size\"><strong>Il est compos\u00e9 de: <\/strong>       Aile    \/ Sellette    \/    Secours<\/p>\n\n\n\n<div class=\"wp-block-columns is-layout-flex wp-container-core-columns-is-layout-9d6595d7 wp-block-columns-is-layout-flex\">\n<div class=\"wp-block-column is-layout-flow wp-block-column-is-layout-flow\">\n<figure class=\"wp-block-image size-large\"><a href=\"https:\/\/supair.com\/produit\/aile-parapente-supair-en-a-eona4\/\"><img loading=\"lazy\" decoding=\"async\" width=\"1024\" height=\"577\" src=\"http:\/\/planet-parapente.com\/wp\/wp-content\/uploads\/2025\/02\/LaVoile-1-1024x577.jpg\" alt=\"\" class=\"wp-image-2287\" srcset=\"http:\/\/planet-parapente.com\/wp\/wp-content\/uploads\/2025\/02\/LaVoile-1-1024x577.jpg 1024w, http:\/\/planet-parapente.com\/wp\/wp-content\/uploads\/2025\/02\/LaVoile-1-300x169.jpg 300w, http:\/\/planet-parapente.com\/wp\/wp-content\/uploads\/2025\/02\/LaVoile-1-768x432.jpg 768w, http:\/\/planet-parapente.com\/wp\/wp-content\/uploads\/2025\/02\/LaVoile-1-1536x865.jpg 1536w, http:\/\/planet-parapente.com\/wp\/wp-content\/uploads\/2025\/02\/LaVoile-1-2048x1153.jpg 2048w\" sizes=\"auto, (max-width: 1024px) 100vw, 1024px\" \/><\/a><figcaption class=\"wp-element-caption\"><strong>Une Aile Eona 4   EN-A <\/strong><br>Plus d&rsquo;infos cliquer l&rsquo;image<strong> <\/strong><\/figcaption><\/figure>\n\n\n\n<p class=\"has-small-font-size\">Derni\u00e8re g\u00e9n\u00e9ration de l&rsquo;aile pour apprendre et progresser en toute tranquillit\u00e9.<\/p>\n\n\n\n<p class=\"has-small-font-size\">3 coloris possibles <\/p>\n\n\n\n<p class=\"has-small-font-size\">Guide des tailles<\/p>\n\n\n\n<p class=\"has-small-font-size\"><strong>Tailles :<\/strong>&nbsp;XS \/ S \/ M \/ M-L \/ L<br><strong><\/strong><\/p>\n\n\n\n<p class=\"has-small-font-size\"><strong>PTV (Kg) :<\/strong> 50 &#8211; 70 \/ 65 &#8211; 85 \/ 80 &#8211; 105 \/ 90 &#8211; 115 \/ 105 &#8211; 130<\/p>\n\n\n\n<p class=\"has-small-font-size\"><strong>Surface (m\u00b2) :&nbsp;<\/strong>22.0 \/ 24.5 \/ 27.0 \/ 29.0 \/ 31.3<\/p>\n\n\n\n<p class=\"has-small-font-size\"><strong>Poids&nbsp;<\/strong><strong>(Kg)<\/strong><strong>&nbsp;:<\/strong> 4.20 \/ 4.55 \/ 4.90 \/ 5.20 \/ 5.50<\/p>\n\n\n\n<p>Prix Catalogue:   3490 \u20ac<\/p>\n\n\n\n<p><\/p>\n\n\n\n<p><\/p>\n\n\n\n<p><\/p>\n\n\n\n<p><\/p>\n\n\n\n<p><\/p>\n<\/div>\n\n\n\n<div class=\"wp-block-column is-layout-flow wp-block-column-is-layout-flow\">\n<figure class=\"wp-block-image is-resized is-style-default\"><a href=\"https:\/\/supair.com\/produit\/sellette-supair-evo-lite-2\/\"><img loading=\"lazy\" decoding=\"async\" width=\"406\" height=\"468\" src=\"http:\/\/planet-parapente.com\/wp\/wp-content\/uploads\/2025\/02\/Evolite2.jpg\" alt=\"\" class=\"wp-image-2289\" style=\"aspect-ratio:1;object-fit:cover;width:225px;height:auto\" srcset=\"http:\/\/planet-parapente.com\/wp\/wp-content\/uploads\/2025\/02\/Evolite2.jpg 406w, http:\/\/planet-parapente.com\/wp\/wp-content\/uploads\/2025\/02\/Evolite2-260x300.jpg 260w\" sizes=\"auto, (max-width: 406px) 100vw, 406px\" \/><\/a><\/figure>\n\n\n\n<p class=\"has-small-font-size\">Derni\u00e8re version de Evolite , nous avons choisit ce mod\u00e8le car il est \u00e9volutif , on peut y ajouter un cocon par la suite lors de votre progression ce qui permet si vous changez d&rsquo;aile de conserver votre sellette.<\/p>\n\n\n\n<p class=\"has-small-font-size\">1 seul coloris<\/p>\n\n\n\n<p class=\"has-small-font-size\">Guide des tailles<\/p>\n\n\n\n<p class=\"has-small-font-size\"><strong>Tailles :<\/strong> S \/ M \/ L \/ XL<\/p>\n\n\n\n<p class=\"has-small-font-size\"><strong>Poids (Kg) :<\/strong> 3.6 \/ 3.7 \/ 3.9 \/ 4<\/p>\n\n\n\n<p>Prix Catalogue:   980 \u20ac<\/p>\n<\/div>\n\n\n\n<div class=\"wp-block-column is-layout-flow wp-block-column-is-layout-flow\">\n<figure class=\"wp-block-image\"><a href=\"https:\/\/supair.com\/produit\/parachute-supair-shine\/\"><img loading=\"lazy\" decoding=\"async\" width=\"840\" height=\"450\" src=\"http:\/\/planet-parapente.com\/wp\/wp-content\/uploads\/2025\/02\/shine_.webp\" alt=\"\" class=\"wp-image-2290\" srcset=\"http:\/\/planet-parapente.com\/wp\/wp-content\/uploads\/2025\/02\/shine_.webp 840w, http:\/\/planet-parapente.com\/wp\/wp-content\/uploads\/2025\/02\/shine_-300x161.webp 300w, http:\/\/planet-parapente.com\/wp\/wp-content\/uploads\/2025\/02\/shine_-768x411.webp 768w\" sizes=\"auto, (max-width: 840px) 100vw, 840px\" \/><\/a><figcaption class=\"wp-element-caption\"><strong>Secours Shine<\/strong> <\/figcaption><\/figure>\n\n\n\n<p>Plus d&rsquo;infos cliquer l&rsquo;image<strong> <\/strong><\/p>\n\n\n\n<p class=\"has-small-font-size\">Un parachute rond plus simple \u00e0 plier . Relativement l\u00e9ger et compact<\/p>\n\n\n\n<p class=\"has-small-font-size\">On ne choisit pas le coloris mais la taille oui<\/p>\n\n\n\n<p class=\"has-small-font-size\"><strong>Tailles :<\/strong> S \/ M \/ L&nbsp;<\/p>\n\n\n\n<p class=\"has-small-font-size\"><strong>Poids (Kg) :&nbsp;<\/strong>1.10 \/ 1.25 \/ 1.54<\/p>\n\n\n\n<p class=\"has-small-font-size\"><strong>PTV (Kg) : <\/strong>85 \/ 105 \/ 125<\/p>\n\n\n\n<p>Prix Catalogue: Taille S 640 \u20ac M 700\u20ac L 750\u20ac<\/p>\n\n\n\n<p>Prix: taille S le prix du pack change en fonction de la taille du secours<\/p>\n<\/div>\n<\/div>\n<\/div><\/div>\n\n\n\n<p class=\"has-medium-font-size\">Prix Catalogue pour ce Pack EONA 4   :    <strong>5110  \u20ac<\/strong>   nous vous le proposons \u00e0   <strong>4088  \u20ac<\/strong>  soit <strong>20<\/strong>% de remise<\/p>\n\n\n\n<p>Prix: taille S pour le secours le prix du pack change en fonction de sa taille<\/p>\n\n\n\n<p>Pour ce tarif nous vous offrons nos conseils,  le montage , les r\u00e9glages et la prise en main de votre mat\u00e9riel , une demi journ\u00e9e de gonflage.<br>Et bons vols \u00e0 vous<\/p>\n\n\n\n<p>Ce Pack est le votre , vous pouvez changer de sellette , de secours la remise restera la m\u00eame.<\/p>\n\n\n\n<div class=\"wp-block-columns is-layout-flex wp-container-core-columns-is-layout-9d6595d7 wp-block-columns-is-layout-flex\">\n<div class=\"wp-block-column is-layout-flow wp-block-column-is-layout-flow\">\n<figure class=\"wp-block-embed is-type-video is-provider-youtube wp-block-embed-youtube wp-embed-aspect-16-9 wp-has-aspect-ratio\"><div class=\"wp-block-embed__wrapper\">\n<div class=\"fitvids-video\"><iframe loading=\"lazy\" title=\"Video technique Eona 4\" width=\"783\" height=\"440\" src=\"https:\/\/www.youtube.com\/embed\/wkOG-drgSX0?feature=oembed\" frameborder=\"0\" allow=\"accelerometer; autoplay; clipboard-write; encrypted-media; gyroscope; picture-in-picture; web-share\" referrerpolicy=\"strict-origin-when-cross-origin\" allowfullscreen><\/iframe><\/div>\n<\/div><\/figure>\n<\/div>\n\n\n\n<div class=\"wp-block-column is-layout-flow wp-block-column-is-layout-flow\">\n<figure class=\"wp-block-embed is-type-video is-provider-youtube wp-block-embed-youtube wp-embed-aspect-16-9 wp-has-aspect-ratio\"><div class=\"wp-block-embed__wrapper\">\n<div class=\"fitvids-video\"><iframe loading=\"lazy\" title=\"Evo Lite 2\" width=\"783\" height=\"440\" src=\"https:\/\/www.youtube.com\/embed\/x2swM0G6N2w?feature=oembed\" frameborder=\"0\" allow=\"accelerometer; autoplay; clipboard-write; encrypted-media; gyroscope; picture-in-picture; web-share\" referrerpolicy=\"strict-origin-when-cross-origin\" allowfullscreen><\/iframe><\/div>\n<\/div><\/figure>\n<\/div>\n<\/div>\n\n\n\n<figure class=\"wp-block-gallery has-nested-images columns-default is-cropped wp-block-gallery-2 is-layout-flex wp-block-gallery-is-layout-flex\">\n<figure class=\"wp-block-image size-large\"><img loading=\"lazy\" decoding=\"async\" width=\"1024\" height=\"683\" data-id=\"2546\" src=\"http:\/\/planet-parapente.com\/wp\/wp-content\/uploads\/2025\/02\/voile-parapente-ecole-en-a-eona4-supair-1536x1024.jpg-1024x683.webp\" alt=\"\" class=\"wp-image-2546\" srcset=\"http:\/\/planet-parapente.com\/wp\/wp-content\/uploads\/2025\/02\/voile-parapente-ecole-en-a-eona4-supair-1536x1024.jpg-1024x683.webp 1024w, http:\/\/planet-parapente.com\/wp\/wp-content\/uploads\/2025\/02\/voile-parapente-ecole-en-a-eona4-supair-1536x1024.jpg-300x200.webp 300w, http:\/\/planet-parapente.com\/wp\/wp-content\/uploads\/2025\/02\/voile-parapente-ecole-en-a-eona4-supair-1536x1024.jpg-768x512.webp 768w, http:\/\/planet-parapente.com\/wp\/wp-content\/uploads\/2025\/02\/voile-parapente-ecole-en-a-eona4-supair-1536x1024.jpg-272x182.webp 272w, http:\/\/planet-parapente.com\/wp\/wp-content\/uploads\/2025\/02\/voile-parapente-ecole-en-a-eona4-supair-1536x1024.jpg.webp 1536w\" sizes=\"auto, (max-width: 1024px) 100vw, 1024px\" \/><\/figure>\n\n\n\n<figure class=\"wp-block-image size-large\"><img loading=\"lazy\" decoding=\"async\" width=\"1024\" height=\"1024\" data-id=\"2286\" src=\"http:\/\/planet-parapente.com\/wp\/wp-content\/uploads\/2025\/02\/LaVoile-1024x1024.jpg\" alt=\"\" class=\"wp-image-2286\" srcset=\"http:\/\/planet-parapente.com\/wp\/wp-content\/uploads\/2025\/02\/LaVoile-1024x1024.jpg 1024w, http:\/\/planet-parapente.com\/wp\/wp-content\/uploads\/2025\/02\/LaVoile-300x300.jpg 300w, http:\/\/planet-parapente.com\/wp\/wp-content\/uploads\/2025\/02\/LaVoile-150x150.jpg 150w, http:\/\/planet-parapente.com\/wp\/wp-content\/uploads\/2025\/02\/LaVoile-768x768.jpg 768w, http:\/\/planet-parapente.com\/wp\/wp-content\/uploads\/2025\/02\/LaVoile-1536x1536.jpg 1536w, http:\/\/planet-parapente.com\/wp\/wp-content\/uploads\/2025\/02\/LaVoile-2048x2048.jpg 2048w\" sizes=\"auto, (max-width: 1024px) 100vw, 1024px\" \/><\/figure>\n\n\n\n<figure class=\"wp-block-image size-large\"><img loading=\"lazy\" decoding=\"async\" width=\"1024\" height=\"683\" data-id=\"2281\" src=\"http:\/\/planet-parapente.com\/wp\/wp-content\/uploads\/2025\/02\/supair_paragliding-school-glider-en-a_eona4-1536x1025-1-1024x683.jpg\" alt=\"\" class=\"wp-image-2281\" srcset=\"http:\/\/planet-parapente.com\/wp\/wp-content\/uploads\/2025\/02\/supair_paragliding-school-glider-en-a_eona4-1536x1025-1-1024x683.jpg 1024w, http:\/\/planet-parapente.com\/wp\/wp-content\/uploads\/2025\/02\/supair_paragliding-school-glider-en-a_eona4-1536x1025-1-300x200.jpg 300w, http:\/\/planet-parapente.com\/wp\/wp-content\/uploads\/2025\/02\/supair_paragliding-school-glider-en-a_eona4-1536x1025-1-768x513.jpg 768w, http:\/\/planet-parapente.com\/wp\/wp-content\/uploads\/2025\/02\/supair_paragliding-school-glider-en-a_eona4-1536x1025-1-272x182.jpg 272w, http:\/\/planet-parapente.com\/wp\/wp-content\/uploads\/2025\/02\/supair_paragliding-school-glider-en-a_eona4-1536x1025-1.jpg 1536w\" sizes=\"auto, (max-width: 1024px) 100vw, 1024px\" \/><\/figure>\n<\/figure>\n","protected":false},"excerpt":{"rendered":"<p>Si vous avez d\u00e9j\u00e0 une certaine autonomie et je peux voler seul et je n&rsquo;ai de mat\u00e9riel alors je m&rsquo;\u00e9quipe je vous propose le Pack<\/p>\n","protected":false},"author":1,"featured_media":2420,"parent":0,"menu_order":0,"comment_status":"closed","ping_status":"closed","template":"page-templates\/template-portfolio.php","meta":{"footnotes":""},"class_list":["post-2279","page","type-page","status-publish","has-post-thumbnail","hentry"],"_links":{"self":[{"href":"http:\/\/planet-parapente.com\/index.php?rest_route=\/wp\/v2\/pages\/2279","targetHints":{"allow":["GET"]}}],"collection":[{"href":"http:\/\/planet-parapente.com\/index.php?rest_route=\/wp\/v2\/pages"}],"about":[{"href":"http:\/\/planet-parapente.com\/index.php?rest_route=\/wp\/v2\/types\/page"}],"author":[{"embeddable":true,"href":"http:\/\/planet-parapente.com\/index.php?rest_route=\/wp\/v2\/users\/1"}],"replies":[{"embeddable":true,"href":"http:\/\/planet-parapente.com\/index.php?rest_route=%2Fwp%2Fv2%2Fcomments&post=2279"}],"version-history":[{"count":51,"href":"http:\/\/planet-parapente.com\/index.php?rest_route=\/wp\/v2\/pages\/2279\/revisions"}],"predecessor-version":[{"id":2574,"href":"http:\/\/planet-parapente.com\/index.php?rest_route=\/wp\/v2\/pages\/2279\/revisions\/2574"}],"wp:featuredmedia":[{"embeddable":true,"href":"http:\/\/planet-parapente.com\/index.php?rest_route=\/wp\/v2\/media\/2420"}],"wp:attachment":[{"href":"http:\/\/planet-parapente.com\/index.php?rest_route=%2Fwp%2Fv2%2Fmedia&parent=2279"}],"curies":[{"name":"wp","href":"https:\/\/api.w.org\/{rel}","templated":true}]}}