{"id":24,"date":"2015-07-20T09:18:22","date_gmt":"2015-07-20T09:18:22","guid":{"rendered":"http:\/\/demo.themegrill.com\/himalayas-pro\/?page_id=24"},"modified":"2025-01-21T15:01:09","modified_gmt":"2025-01-21T14:01:09","slug":"free-theme","status":"publish","type":"page","link":"http:\/\/planet-parapente.com\/?page_id=24","title":{"rendered":"D\u00e9couvrir, offrir"},"content":{"rendered":"<div class=\"wp-block-image\">\n<figure class=\"aligncenter size-full is-resized\"><img loading=\"lazy\" decoding=\"async\" width=\"1024\" height=\"576\" src=\"http:\/\/planet-parapente.com\/wp\/wp-content\/uploads\/2022\/03\/DecoGael-1024x683-1.jpg\" alt=\"\" class=\"wp-image-1938\" style=\"width:512px;height:288px\" srcset=\"http:\/\/planet-parapente.com\/wp\/wp-content\/uploads\/2022\/03\/DecoGael-1024x683-1.jpg 1024w, http:\/\/planet-parapente.com\/wp\/wp-content\/uploads\/2022\/03\/DecoGael-1024x683-1-300x169.jpg 300w, http:\/\/planet-parapente.com\/wp\/wp-content\/uploads\/2022\/03\/DecoGael-1024x683-1-768x432.jpg 768w\" sizes=\"auto, (max-width: 1024px) 100vw, 1024px\" \/><\/figure><\/div>\n\n\n<p><\/p>\n\n\n\n<p class=\"has-medium-font-size\">Pour un Anniversaire, No\u00ebl,un d\u00e9part \u00e0 la retraite, &#8230;. vous voulez faire une heureuse ou un heureux ,vous pouvez offrir une de nos activit\u00e9s , \u00e9tant entendus que c&rsquo;est suivant l&rsquo;exp\u00e9rience de la personne en parapente. Une journ\u00e9e d&rsquo;initiation, un pack formation , un s\u00e9jour \u00e0 la montagne&#8230;.. il vous suffit de nous contacter et nous pourrons vous envoyer par mail un Bon Cadeau personnalis\u00e9 \u00e0 donner \u00e0 l&rsquo;heureuse ou l&rsquo;heureux destinataire.<\/p>\n\n\n\n<p class=\"has-medium-font-size\">Bonne journ\u00e9e \u00e0 vous<\/p>\n\n\n\n<p><\/p>\n\n\n\n<p><\/p>\n\n\n\n<p><\/p>\n","protected":false},"excerpt":{"rendered":"<p>Pour un Anniversaire, No\u00ebl,un d\u00e9part \u00e0 la retraite, &#8230;. vous voulez faire une heureuse ou un heureux ,vous pouvez offrir une de nos activit\u00e9s ,<\/p>\n","protected":false},"author":1,"featured_media":706,"parent":0,"menu_order":0,"comment_status":"open","ping_status":"open","template":"page-templates\/template-services.php","meta":{"footnotes":""},"class_list":["post-24","page","type-page","status-publish","has-post-thumbnail","hentry"],"_links":{"self":[{"href":"http:\/\/planet-parapente.com\/index.php?rest_route=\/wp\/v2\/pages\/24","targetHints":{"allow":["GET"]}}],"collection":[{"href":"http:\/\/planet-parapente.com\/index.php?rest_route=\/wp\/v2\/pages"}],"about":[{"href":"http:\/\/planet-parapente.com\/index.php?rest_route=\/wp\/v2\/types\/page"}],"author":[{"embeddable":true,"href":"http:\/\/planet-parapente.com\/index.php?rest_route=\/wp\/v2\/users\/1"}],"replies":[{"embeddable":true,"href":"http:\/\/planet-parapente.com\/index.php?rest_route=%2Fwp%2Fv2%2Fcomments&post=24"}],"version-history":[{"count":16,"href":"http:\/\/planet-parapente.com\/index.php?rest_route=\/wp\/v2\/pages\/24\/revisions"}],"predecessor-version":[{"id":2252,"href":"http:\/\/planet-parapente.com\/index.php?rest_route=\/wp\/v2\/pages\/24\/revisions\/2252"}],"wp:featuredmedia":[{"embeddable":true,"href":"http:\/\/planet-parapente.com\/index.php?rest_route=\/wp\/v2\/media\/706"}],"wp:attachment":[{"href":"http:\/\/planet-parapente.com\/index.php?rest_route=%2Fwp%2Fv2%2Fmedia&parent=24"}],"curies":[{"name":"wp","href":"https:\/\/api.w.org\/{rel}","templated":true}]}}