{"id":2504,"date":"2025-02-10T15:23:57","date_gmt":"2025-02-10T14:23:57","guid":{"rendered":"http:\/\/planet-parapente.com\/?page_id=2504"},"modified":"2025-02-12T12:01:35","modified_gmt":"2025-02-12T11:01:35","slug":"la-boutique-de-planet-parapente-vous-propose-le-pack-birdy-2","status":"publish","type":"page","link":"http:\/\/planet-parapente.com\/?page_id=2504","title":{"rendered":"La Boutique de Planet Parapente vous propose: le Pack   BIRDY 2"},"content":{"rendered":"\n<div class=\"wp-block-columns is-layout-flex wp-container-core-columns-is-layout-9d6595d7 wp-block-columns-is-layout-flex\">\n<div class=\"wp-block-column is-layout-flow wp-block-column-is-layout-flow\" style=\"flex-basis:250px\">\n<p class=\"has-medium-font-size\">Si vous avez d\u00e9j\u00e0 une certaine autonomie et aimez marcher et notamment l\u00e9ger et vous voulez vous \u00e9quiper.<\/p>\n\n\n\n<p class=\"has-medium-font-size\">je vous propose le Pack BIRDY  2 de la marque <a href=\"https:\/\/supair.com\/\" data-type=\"link\" data-id=\"https:\/\/supair.com\/\"><strong>SUPAIR<\/strong><\/a><\/p>\n<\/div>\n\n\n\n<div class=\"wp-block-column is-layout-flow wp-block-column-is-layout-flow\" style=\"flex-basis:150px\"><\/div>\n\n\n\n<div class=\"wp-block-column is-layout-flow wp-block-column-is-layout-flow\">\n<figure class=\"wp-block-image size-full\"><img loading=\"lazy\" decoding=\"async\" width=\"640\" height=\"376\" src=\"http:\/\/planet-parapente.com\/wp\/wp-content\/uploads\/2025\/02\/LogoPackBirdy2640x375.jpg\" alt=\"\" class=\"wp-image-2512\" srcset=\"http:\/\/planet-parapente.com\/wp\/wp-content\/uploads\/2025\/02\/LogoPackBirdy2640x375.jpg 640w, http:\/\/planet-parapente.com\/wp\/wp-content\/uploads\/2025\/02\/LogoPackBirdy2640x375-300x176.jpg 300w\" sizes=\"auto, (max-width: 640px) 100vw, 640px\" \/><\/figure>\n<\/div>\n\n\n\n<div class=\"wp-block-column is-layout-flow wp-block-column-is-layout-flow\">\n<figure class=\"wp-block-image size-full\"><a href=\"https:\/\/supair.com\/\" target=\"_blank\" rel=\" noreferrer noopener\"><img loading=\"lazy\" decoding=\"async\" width=\"160\" height=\"140\" src=\"http:\/\/planet-parapente.com\/wp\/wp-content\/uploads\/2025\/02\/Supair160x160.png\" alt=\"\" class=\"wp-image-2501\"\/><\/a><\/figure>\n<\/div>\n<\/div>\n\n\n\n<p><strong>Il est compos\u00e9 de: <\/strong> Aile \/ Sellette \/ Secours<\/p>\n\n\n\n<div class=\"wp-block-group\"><div class=\"wp-block-group__inner-container is-layout-constrained wp-block-group-is-layout-constrained\">\n<div class=\"wp-block-columns is-layout-flex wp-container-core-columns-is-layout-9d6595d7 wp-block-columns-is-layout-flex\">\n<div class=\"wp-block-column is-layout-flow wp-block-column-is-layout-flow\" style=\"flex-basis:100%\">\n<div class=\"wp-block-columns is-layout-flex wp-container-core-columns-is-layout-9d6595d7 wp-block-columns-is-layout-flex\">\n<div class=\"wp-block-column is-layout-flow wp-block-column-is-layout-flow\">\n<figure class=\"wp-block-image size-large\"><a href=\"https:\/\/supair.com\/produit\/aile-parapente-supair-en-a-birdy2\/\"><img loading=\"lazy\" decoding=\"async\" width=\"1024\" height=\"747\" src=\"http:\/\/planet-parapente.com\/wp\/wp-content\/uploads\/2025\/02\/BIRDY2-1536x1026-1-1024x747.jpg\" alt=\"\" class=\"wp-image-2516\" srcset=\"http:\/\/planet-parapente.com\/wp\/wp-content\/uploads\/2025\/02\/BIRDY2-1536x1026-1-1024x747.jpg 1024w, http:\/\/planet-parapente.com\/wp\/wp-content\/uploads\/2025\/02\/BIRDY2-1536x1026-1-300x219.jpg 300w, http:\/\/planet-parapente.com\/wp\/wp-content\/uploads\/2025\/02\/BIRDY2-1536x1026-1-768x561.jpg 768w, http:\/\/planet-parapente.com\/wp\/wp-content\/uploads\/2025\/02\/BIRDY2-1536x1026-1.jpg 1144w\" sizes=\"auto, (max-width: 1024px) 100vw, 1024px\" \/><\/a><figcaption class=\"wp-element-caption\"><strong>Une Aile BIRDY  2  En-A<\/strong>           Plus d&rsquo;infos cliquer l&rsquo;image<strong> <\/strong><\/figcaption><\/figure>\n\n\n\n<p>la Birdy 2 est une aile l\u00e9g\u00e8re et polyvalente, c&rsquo; est le choix id\u00e9al pour les pilotes \u00e0 la recherche d&rsquo;une tranquille mais performante. elle vous offrira une grande marge de progression.<\/p>\n\n\n\n<p>3 Coloris possible<\/p>\n\n\n\n<p class=\"has-small-font-size\"><strong>Tailles :<\/strong>&nbsp;XS \/ S \/ M \/ M-L \/ L<br><\/p>\n\n\n\n<p class=\"has-small-font-size\"><strong>PTV (Kg) :<\/strong> 50 &#8211; 65\/55-75 \/ 65 &#8211; 85 \/ 75- 95 \/ 90 &#8211; 110\/ 105 &#8211; 130<\/p>\n\n\n\n<p class=\"has-small-font-size\"><strong>Surface (m\u00b2) :&nbsp;<\/strong>20.8\/ 22.1 \/ 24.8 \/ 25.65 \/ 28.1 \/ 31<\/p>\n\n\n\n<p class=\"has-small-font-size\"><strong>Poids&nbsp;<\/strong><strong>(Kg)<\/strong><strong>&nbsp;:<\/strong> 3.45\/ 3.55 \/ 3.85 \/ 4 \/ 4.4 \/ 4.65<\/p>\n\n\n\n<p>Prix Catalogue: 3950 \u20ac<\/p>\n<\/div>\n\n\n\n<div class=\"wp-block-column is-layout-flow wp-block-column-is-layout-flow\">\n<figure class=\"wp-block-image size-full\"><a href=\"https:\/\/supair.com\/produit\/sellette-supair-altirando-lite-2\/\"><img loading=\"lazy\" decoding=\"async\" width=\"448\" height=\"299\" src=\"http:\/\/planet-parapente.com\/wp\/wp-content\/uploads\/2025\/02\/LogoAltirandolite2450x300.jpg\" alt=\"\" class=\"wp-image-2517\" srcset=\"http:\/\/planet-parapente.com\/wp\/wp-content\/uploads\/2025\/02\/LogoAltirandolite2450x300.jpg 448w, http:\/\/planet-parapente.com\/wp\/wp-content\/uploads\/2025\/02\/LogoAltirandolite2450x300-300x200.jpg 300w, http:\/\/planet-parapente.com\/wp\/wp-content\/uploads\/2025\/02\/LogoAltirandolite2450x300-272x182.jpg 272w\" sizes=\"auto, (max-width: 448px) 100vw, 448px\" \/><\/a><figcaption class=\"wp-element-caption\"><strong>Une Sellette ALTIRANDO LITE 2<\/strong> Plus d&rsquo;infos cliquer l&rsquo;image<strong> <\/strong> <\/figcaption><\/figure>\n\n\n\n<p><strong>ALTIRANDO LITE 2<\/strong> est une sellette deux points d&rsquo;attaches qui est dites r\u00e9versible. Mais son originalit\u00e9 est que cette r\u00e9versibilit\u00e9 est amovible. Des fermetures \u00e9claires permettent de se servir la la r\u00e9versibilit\u00e9 ou alors de l&rsquo;utiliser comme un sac de portage classique. <\/p>\n\n\n\n<p>Poids: 2.83 kg en taille M (avec sac, mousquetons, pod+poign\u00e9e secours et plateau d&rsquo;assise)<\/p>\n\n\n\n<p><strong>Poids (Kg) : <\/strong>2.58 \/ 2.83 \/ 2.95 \/ 3.07&nbsp;<\/p>\n\n\n\n<p>Prix Catalogue: 1150\u20ac<\/p>\n<\/div>\n\n\n\n<div class=\"wp-block-column is-layout-flow wp-block-column-is-layout-flow\">\n<figure class=\"wp-block-image size-full\"><a href=\"https:\/\/supair.com\/produit\/parachute-supair-shine\/#content\"><img loading=\"lazy\" decoding=\"async\" width=\"840\" height=\"450\" src=\"http:\/\/planet-parapente.com\/wp\/wp-content\/uploads\/2025\/02\/shine_.webp\" alt=\"\" class=\"wp-image-2290\" srcset=\"http:\/\/planet-parapente.com\/wp\/wp-content\/uploads\/2025\/02\/shine_.webp 840w, http:\/\/planet-parapente.com\/wp\/wp-content\/uploads\/2025\/02\/shine_-300x161.webp 300w, http:\/\/planet-parapente.com\/wp\/wp-content\/uploads\/2025\/02\/shine_-768x411.webp 768w\" sizes=\"auto, (max-width: 840px) 100vw, 840px\" \/><\/a><figcaption class=\"wp-element-caption\"><strong><strong>Secours Shine<\/strong> <\/strong><br>Plus d&rsquo;infos cliquer l&rsquo;image<\/figcaption><\/figure>\n\n\n\n<p class=\"has-small-font-size\">Un parachute rond plus simple \u00e0 plier . Relativement l\u00e9ger et compact<\/p>\n\n\n\n<p class=\"has-small-font-size\">On ne choisit pas le coloris mais la taille oui<\/p>\n\n\n\n<p class=\"has-small-font-size\"><strong>Tailles :<\/strong> S \/ M \/ L&nbsp;<\/p>\n\n\n\n<p class=\"has-small-font-size\"><strong>Poids (Kg) :&nbsp;<\/strong>1.10 \/ 1.25 \/ 1.54<\/p>\n\n\n\n<p class=\"has-small-font-size\"><strong>PTV (Kg) : <\/strong>85 \/ 105 \/ 125<\/p>\n\n\n\n<p>Prix Catalogue: Taille S 640 \u20ac M 700\u20ac L 750\u20ac<\/p>\n\n\n\n<p class=\"has-small-font-size\">Prix: taille S le prix du pack change en fonction de la taille du secours<\/p>\n<\/div>\n<\/div>\n<\/div>\n<\/div>\n<\/div><\/div>\n\n\n\n<p class=\"has-medium-font-size\">Prix Catalogue pour ce <strong>Pack BIRDY<\/strong> <strong>2<\/strong> : <strong>5740  \u20ac<\/strong> nous vous le proposons \u00e0 <strong>4590  \u20ac<\/strong> soit <strong>20<\/strong>% de remise<\/p>\n\n\n\n<p>Prix: taille S pour le secours le prix du pack change en fonction de sa taille<\/p>\n\n\n\n<p>Pour ce tarif nous vous offrons nos conseils, le montage , les r\u00e9glages et la prise en main de votre mat\u00e9riel , une demi journ\u00e9e de gonflage.<br>Et bons vols \u00e0 vous<\/p>\n\n\n\n<p>Ce Pack est le votre , vous pouvez changer de sellette , de secours la remise restera la m\u00eame.<\/p>\n\n\n\n<div class=\"wp-block-group\"><div class=\"wp-block-group__inner-container is-layout-constrained wp-block-group-is-layout-constrained\">\n<div class=\"wp-block-columns is-layout-flex wp-container-core-columns-is-layout-9d6595d7 wp-block-columns-is-layout-flex\">\n<div class=\"wp-block-column is-layout-flow wp-block-column-is-layout-flow\">\n<figure class=\"wp-block-embed is-type-video is-provider-youtube wp-block-embed-youtube wp-embed-aspect-16-9 wp-has-aspect-ratio\"><div class=\"wp-block-embed__wrapper\">\n<div class=\"fitvids-video\"><iframe loading=\"lazy\" title=\"Birdy 2\" width=\"783\" height=\"440\" src=\"https:\/\/www.youtube.com\/embed\/g03qsfinKrA?feature=oembed\" frameborder=\"0\" allow=\"accelerometer; autoplay; clipboard-write; encrypted-media; gyroscope; picture-in-picture; web-share\" referrerpolicy=\"strict-origin-when-cross-origin\" allowfullscreen><\/iframe><\/div>\n<\/div><\/figure>\n<\/div>\n\n\n\n<div class=\"wp-block-column is-layout-flow wp-block-column-is-layout-flow\">\n<figure class=\"wp-block-embed is-type-video is-provider-youtube wp-block-embed-youtube wp-embed-aspect-16-9 wp-has-aspect-ratio\"><div class=\"wp-block-embed__wrapper\">\n<div class=\"fitvids-video\"><iframe loading=\"lazy\" title=\"Altirando Lite 2\" width=\"783\" height=\"440\" src=\"https:\/\/www.youtube.com\/embed\/df-u3ergLCs?feature=oembed\" frameborder=\"0\" allow=\"accelerometer; autoplay; clipboard-write; encrypted-media; gyroscope; picture-in-picture; web-share\" referrerpolicy=\"strict-origin-when-cross-origin\" allowfullscreen><\/iframe><\/div>\n<\/div><\/figure>\n<\/div>\n<\/div>\n<\/div><\/div>\n\n\n\n<figure class=\"wp-block-gallery has-nested-images columns-default is-cropped wp-block-gallery-1 is-layout-flex wp-block-gallery-is-layout-flex\">\n<figure class=\"wp-block-image size-large\"><img loading=\"lazy\" decoding=\"async\" width=\"448\" height=\"299\" data-id=\"2561\" src=\"http:\/\/planet-parapente.com\/wp\/wp-content\/uploads\/2025\/02\/Birdy1.jpg\" alt=\"\" class=\"wp-image-2561\" srcset=\"http:\/\/planet-parapente.com\/wp\/wp-content\/uploads\/2025\/02\/Birdy1.jpg 448w, http:\/\/planet-parapente.com\/wp\/wp-content\/uploads\/2025\/02\/Birdy1-300x200.jpg 300w, http:\/\/planet-parapente.com\/wp\/wp-content\/uploads\/2025\/02\/Birdy1-272x182.jpg 272w\" sizes=\"auto, (max-width: 448px) 100vw, 448px\" \/><\/figure>\n\n\n\n<figure class=\"wp-block-image size-large\"><img loading=\"lazy\" decoding=\"async\" width=\"448\" height=\"299\" data-id=\"2562\" src=\"http:\/\/planet-parapente.com\/wp\/wp-content\/uploads\/2025\/02\/Birdy2.jpg\" alt=\"\" class=\"wp-image-2562\" srcset=\"http:\/\/planet-parapente.com\/wp\/wp-content\/uploads\/2025\/02\/Birdy2.jpg 448w, http:\/\/planet-parapente.com\/wp\/wp-content\/uploads\/2025\/02\/Birdy2-300x200.jpg 300w, http:\/\/planet-parapente.com\/wp\/wp-content\/uploads\/2025\/02\/Birdy2-272x182.jpg 272w\" sizes=\"auto, (max-width: 448px) 100vw, 448px\" \/><\/figure>\n\n\n\n<figure class=\"wp-block-image size-large\"><img loading=\"lazy\" decoding=\"async\" width=\"448\" height=\"299\" data-id=\"2563\" src=\"http:\/\/planet-parapente.com\/wp\/wp-content\/uploads\/2025\/02\/Birdy3.jpg\" alt=\"\" class=\"wp-image-2563\" srcset=\"http:\/\/planet-parapente.com\/wp\/wp-content\/uploads\/2025\/02\/Birdy3.jpg 448w, http:\/\/planet-parapente.com\/wp\/wp-content\/uploads\/2025\/02\/Birdy3-300x200.jpg 300w, http:\/\/planet-parapente.com\/wp\/wp-content\/uploads\/2025\/02\/Birdy3-272x182.jpg 272w\" sizes=\"auto, (max-width: 448px) 100vw, 448px\" \/><\/figure>\n<\/figure>\n","protected":false},"excerpt":{"rendered":"<p>Si vous avez d\u00e9j\u00e0 une certaine autonomie et aimez marcher et notamment l\u00e9ger et vous voulez vous \u00e9quiper. je vous propose le Pack BIRDY 2<\/p>\n","protected":false},"author":1,"featured_media":0,"parent":0,"menu_order":0,"comment_status":"closed","ping_status":"closed","template":"","meta":{"footnotes":""},"class_list":["post-2504","page","type-page","status-publish","hentry"],"_links":{"self":[{"href":"http:\/\/planet-parapente.com\/index.php?rest_route=\/wp\/v2\/pages\/2504","targetHints":{"allow":["GET"]}}],"collection":[{"href":"http:\/\/planet-parapente.com\/index.php?rest_route=\/wp\/v2\/pages"}],"about":[{"href":"http:\/\/planet-parapente.com\/index.php?rest_route=\/wp\/v2\/types\/page"}],"author":[{"embeddable":true,"href":"http:\/\/planet-parapente.com\/index.php?rest_route=\/wp\/v2\/users\/1"}],"replies":[{"embeddable":true,"href":"http:\/\/planet-parapente.com\/index.php?rest_route=%2Fwp%2Fv2%2Fcomments&post=2504"}],"version-history":[{"count":18,"href":"http:\/\/planet-parapente.com\/index.php?rest_route=\/wp\/v2\/pages\/2504\/revisions"}],"predecessor-version":[{"id":2575,"href":"http:\/\/planet-parapente.com\/index.php?rest_route=\/wp\/v2\/pages\/2504\/revisions\/2575"}],"wp:attachment":[{"href":"http:\/\/planet-parapente.com\/index.php?rest_route=%2Fwp%2Fv2%2Fmedia&parent=2504"}],"curies":[{"name":"wp","href":"https:\/\/api.w.org\/{rel}","templated":true}]}}