{"id":2607,"date":"2025-02-15T16:03:02","date_gmt":"2025-02-15T15:03:02","guid":{"rendered":"http:\/\/planet-parapente.com\/?page_id=2607"},"modified":"2025-02-17T10:20:16","modified_gmt":"2025-02-17T09:20:16","slug":"la-boutique-planet-parapente-vous-propose-levo-lite-2","status":"publish","type":"page","link":"http:\/\/planet-parapente.com\/?page_id=2607","title":{"rendered":"La boutique Planet Parapente vous propose L&rsquo;Evo Lite 2"},"content":{"rendered":"<div class=\"wp-block-image\">\n<figure class=\"alignright size-full is-resized\"><img loading=\"lazy\" decoding=\"async\" width=\"656\" height=\"585\" src=\"http:\/\/planet-parapente.com\/wp\/wp-content\/uploads\/2025\/02\/4D-Vonc-Evolite-2.png\" alt=\"\" class=\"wp-image-2649\" style=\"width:490px;height:auto\" srcset=\"http:\/\/planet-parapente.com\/wp\/wp-content\/uploads\/2025\/02\/4D-Vonc-Evolite-2.png 656w, http:\/\/planet-parapente.com\/wp\/wp-content\/uploads\/2025\/02\/4D-Vonc-Evolite-2-300x268.png 300w\" sizes=\"auto, (max-width: 656px) 100vw, 656px\" \/><\/figure><\/div>\n\n\n<figure class=\"wp-block-image size-full\"><img loading=\"lazy\" decoding=\"async\" width=\"160\" height=\"140\" src=\"http:\/\/planet-parapente.com\/wp\/wp-content\/uploads\/2025\/02\/Supair160x160.png\" alt=\"\" class=\"wp-image-2501\"\/><\/figure>\n\n\n\n<p class=\"has-medium-font-size\">De la <strong>sortie d\u2019\u00e9cole<\/strong> jusqu\u2019aux cross, cette <strong>sellette adaptable et \u00e9volutive <\/strong>est con\u00e7ue pour <strong>vous accompagner partout <\/strong>et<strong> longtemps <\/strong>dans votre vie de pilote<strong>.<\/strong>&nbsp;<\/p>\n\n\n\n<p class=\"has-medium-font-size\">Le <strong>confort <\/strong>et le haut de niveau de <strong>s\u00e9curit\u00e9 passive<\/strong> que propose la sellette en fait un \u00e9quipement de choix apr\u00e8s vos stages pour continuer \u00e0 <strong>progresser en vol<\/strong>. Protection <strong>mousse bag <\/strong>performante et plus compact que la premi\u00e8re g\u00e9n\u00e9ration, <strong>poche secours<\/strong> dorsale au volume adaptable, assise confortable et <strong>g\u00e9om\u00e9trie enveloppante\u2026<\/strong> Tous ces \u00e9l\u00e9ments ont \u00e9t\u00e9 pens\u00e9s pour vous permettre de voler en toute s\u00e9r\u00e9nit\u00e9.<\/p>\n\n\n\n<div class=\"wp-block-columns is-layout-flex wp-container-core-columns-is-layout-9d6595d7 wp-block-columns-is-layout-flex\">\n<div class=\"wp-block-column is-layout-flow wp-block-column-is-layout-flow\">\n<p class=\"has-medium-font-size\">Plus d&rsquo;infos sur le site de la Marque <a href=\"https:\/\/supair.com\/produit\/sellette-supair-evo-lite-2\/\"> SUPAIR <\/a><\/p>\n\n\n\n<p class=\"has-medium-font-size\">Le Prix Catalogue est de: <strong>980\u20ac<\/strong> une remise vous sera accord\u00e9e en fonction de votre anciennet\u00e9 dans notre \u00c9cole&#8230;.. nous demander<\/p>\n\n\n\n<p class=\"has-medium-font-size\">Nous vous offrons le montage du secours et la prise en main de votre sellette.<\/p>\n<\/div>\n\n\n\n<div class=\"wp-block-column is-layout-flow wp-block-column-is-layout-flow\"><div class=\"wp-block-image\">\n<figure class=\"aligncenter size-full is-resized\"><a href=\"s:\/\/supair.com\/produit\/sellette-supair-evo-lite-2\/\"><img loading=\"lazy\" decoding=\"async\" width=\"160\" height=\"140\" src=\"http:\/\/planet-parapente.com\/wp\/wp-content\/uploads\/2025\/02\/Supair160x160.png\" alt=\"\" class=\"wp-image-2501\" style=\"width:141px;height:auto\"\/><\/a><figcaption class=\"wp-element-caption\"><strong>Cliquez l&rsquo;image<\/strong><\/figcaption><\/figure><\/div><\/div>\n<\/div>\n\n\n<div class=\"wp-block-image\">\n<figure class=\"alignright size-full is-resized\"><img loading=\"lazy\" decoding=\"async\" width=\"235\" height=\"264\" src=\"http:\/\/planet-parapente.com\/wp\/wp-content\/uploads\/2025\/02\/EvoliteD314.png\" alt=\"\" class=\"wp-image-2665\" style=\"width:312px;height:auto\"\/><figcaption class=\"wp-element-caption\"><strong>C&rsquo;est une sellette 2 points d&rsquo;attache ventrale<\/strong>.<\/figcaption><\/figure><\/div>\n\n\n<figure class=\"wp-block-image size-full is-resized\"><img loading=\"lazy\" decoding=\"async\" width=\"314\" height=\"211\" src=\"http:\/\/planet-parapente.com\/wp\/wp-content\/uploads\/2025\/02\/EvoliteCocon-1.jpg\" alt=\"\" class=\"wp-image-2632\" style=\"width:455px;height:auto\" srcset=\"http:\/\/planet-parapente.com\/wp\/wp-content\/uploads\/2025\/02\/EvoliteCocon-1.jpg 314w, http:\/\/planet-parapente.com\/wp\/wp-content\/uploads\/2025\/02\/EvoliteCocon-1-300x202.jpg 300w, http:\/\/planet-parapente.com\/wp\/wp-content\/uploads\/2025\/02\/EvoliteCocon-1-272x182.jpg 272w\" sizes=\"auto, (max-width: 314px) 100vw, 314px\" \/><\/figure>\n\n\n\n<p class=\"has-medium-font-size\"><strong>Speedbag EVO LITE 2 <\/strong><br>Transformez votre EVO LITE 2 en sellette cocon<\/p>\n\n\n\n<p class=\"has-medium-font-size\">Prix Catalogue : <strong>260  \u20ac<\/strong><\/p>\n\n\n\n<p class=\"has-large-font-size\">Guide des tailles<\/p>\n\n\n\n<p><strong>Tailles :<\/strong> Sellette<\/p>\n\n\n\n<figure class=\"wp-block-table\"><table class=\"has-fixed-layout\"><thead><tr><th>S<\/th><th>M<\/th><th>L<\/th><th>XL<\/th><\/tr><\/thead><\/table><\/figure>\n\n\n\n<p> <strong>Taille du pilote en Cm: <\/strong> <\/p>\n\n\n\n<figure class=\"wp-block-table\"><table class=\"has-fixed-layout\"><tbody><tr><td>155 &#8211; 175<\/td><td>170 &#8211; 185<\/td><td>180 &#8211; 195<\/td><td>190 -205<\/td><\/tr><\/tbody><\/table><\/figure>\n\n\n\n<p><strong>Poids Pilote  (Kg) :<\/strong><\/p>\n\n\n\n<figure class=\"wp-block-table\"><table class=\"has-fixed-layout\"><tbody><tr><td>60 -80<\/td><td>65 -85<\/td><td>70 &#8211; 100<\/td><td>90 &#8211; 120<\/td><\/tr><\/tbody><\/table><\/figure>\n\n\n\n<p><strong>Poids Sellette (Kg) :<\/strong> <\/p>\n\n\n\n<figure class=\"wp-block-table\"><table class=\"has-fixed-layout\"><tbody><tr><td>3.6<\/td><td>3.7<\/td><td>3.9<\/td><td>4.0<\/td><\/tr><\/tbody><\/table><\/figure>\n\n\n\n<p><\/p>\n\n\n\n<figure class=\"wp-block-embed is-type-video is-provider-youtube wp-block-embed-youtube wp-embed-aspect-16-9 wp-has-aspect-ratio\"><div class=\"wp-block-embed__wrapper\">\n<div class=\"fitvids-video\"><iframe loading=\"lazy\" title=\"Evo Lite 2\" width=\"783\" height=\"440\" src=\"https:\/\/www.youtube.com\/embed\/x2swM0G6N2w?feature=oembed\" frameborder=\"0\" allow=\"accelerometer; autoplay; clipboard-write; encrypted-media; gyroscope; picture-in-picture; web-share\" referrerpolicy=\"strict-origin-when-cross-origin\" allowfullscreen><\/iframe><\/div>\n<\/div><\/figure>\n","protected":false},"excerpt":{"rendered":"<p>De la sortie d\u2019\u00e9cole jusqu\u2019aux cross, cette sellette adaptable et \u00e9volutive est con\u00e7ue pour vous accompagner partout et longtemps dans votre vie de pilote.&nbsp; Le<\/p>\n","protected":false},"author":1,"featured_media":0,"parent":0,"menu_order":0,"comment_status":"closed","ping_status":"closed","template":"","meta":{"footnotes":""},"class_list":["post-2607","page","type-page","status-publish","hentry"],"_links":{"self":[{"href":"http:\/\/planet-parapente.com\/index.php?rest_route=\/wp\/v2\/pages\/2607","targetHints":{"allow":["GET"]}}],"collection":[{"href":"http:\/\/planet-parapente.com\/index.php?rest_route=\/wp\/v2\/pages"}],"about":[{"href":"http:\/\/planet-parapente.com\/index.php?rest_route=\/wp\/v2\/types\/page"}],"author":[{"embeddable":true,"href":"http:\/\/planet-parapente.com\/index.php?rest_route=\/wp\/v2\/users\/1"}],"replies":[{"embeddable":true,"href":"http:\/\/planet-parapente.com\/index.php?rest_route=%2Fwp%2Fv2%2Fcomments&post=2607"}],"version-history":[{"count":41,"href":"http:\/\/planet-parapente.com\/index.php?rest_route=\/wp\/v2\/pages\/2607\/revisions"}],"predecessor-version":[{"id":2726,"href":"http:\/\/planet-parapente.com\/index.php?rest_route=\/wp\/v2\/pages\/2607\/revisions\/2726"}],"wp:attachment":[{"href":"http:\/\/planet-parapente.com\/index.php?rest_route=%2Fwp%2Fv2%2Fmedia&parent=2607"}],"curies":[{"name":"wp","href":"https:\/\/api.w.org\/{rel}","templated":true}]}}