{"id":27,"date":"2015-07-20T09:19:41","date_gmt":"2015-07-20T09:19:41","guid":{"rendered":"http:\/\/demo.themegrill.com\/himalayas-pro\/?page_id=27"},"modified":"2022-03-02T17:03:33","modified_gmt":"2022-03-02T16:03:33","slug":"excellent-support","status":"publish","type":"page","link":"http:\/\/planet-parapente.com\/?page_id=27","title":{"rendered":"Voyager"},"content":{"rendered":"\n<div class=\"wp-block-image\"><figure class=\"aligncenter\"><img loading=\"lazy\" decoding=\"async\" width=\"1024\" height=\"576\" src=\"http:\/\/planet-parapente.com\/wp\/wp-content\/uploads\/2015\/07\/P1000777-1024x576.jpg\" alt=\"\" class=\"wp-image-543\"\/><\/figure><\/div>\n\n\n\n<p class=\"has-medium-font-size\">Planet Voyage vous propose la d\u00e9couverte d&rsquo;autres pays avec comme pr\u00e9texte le parapente. Nous partons \u00e0 la d\u00e9couverte de nouveaux horizons, de nouveaux paysages, de nouvelles cultures, de nouvelles personnes&#8230; tout en pratiquant notre sport favori. C&rsquo;est une invitation au parapente en mode vacances&#8230; ou aux vacances en mode parapente.<\/p>\n\n\n\n<p class=\"has-medium-font-size\">Les destinations sont plus ou moins lointaines et peuvent varier chaque ann\u00e9e. Nous avons d\u00e9j\u00e0 parcouru le Portugal, les A\u00e7ores, les Canaries, la Namibie, l&rsquo;Andalousie, l&rsquo;Italie, Madagascar, le Maroc&#8230;<\/p>\n\n\n\n<p class=\"has-medium-font-size\">Planet Voyage s&rsquo;adresse aux pilotes autonomes, et selon la destination, plus ou moins exp\u00e9riment\u00e9s. Je suis en effet seul g\u00e9n\u00e9ralement pour vous accompagner. Si vous n&rsquo;avez pas de mat\u00e9riel, il y a possibilit\u00e9 de vous en louer. Vous devez avoir une licence, une assurance et une assurance rapatriement.<\/p>\n\n\n\n<p class=\"has-medium-font-size\">Combien \u00e7a co\u00fbte ?<\/p>\n\n\n\n<p class=\"has-medium-font-size\">Ce sont des voyages sous le mode participatif. C &lsquo;est-\u00e0-dire que tous les frais inh\u00e9rents au voyage sont en commun. Vous vous chargez de prendre votre billet d&rsquo;avion. Je m&rsquo;occupe de l&rsquo;organisation, de la logistique, de la navette, de la m\u00e9t\u00e9o, de votre s\u00e9curit\u00e9, de la comptabilit\u00e9&#8230; et pour cela je vous demanderai une participation.<\/p>\n\n\n\n<p class=\"has-medium-font-size\">Pour conna\u00eetre les projets de voyages de l&rsquo;ann\u00e9e, consultez notre agenda.<\/p>\n","protected":false},"excerpt":{"rendered":"<p>Planet Voyage vous propose la d\u00e9couverte d&rsquo;autres pays avec comme pr\u00e9texte le parapente. Nous partons \u00e0 la d\u00e9couverte de nouveaux horizons, de nouveaux paysages, de<\/p>\n","protected":false},"author":1,"featured_media":543,"parent":0,"menu_order":0,"comment_status":"open","ping_status":"open","template":"page-templates\/template-services.php","meta":{"footnotes":""},"class_list":["post-27","page","type-page","status-publish","has-post-thumbnail","hentry"],"_links":{"self":[{"href":"http:\/\/planet-parapente.com\/index.php?rest_route=\/wp\/v2\/pages\/27","targetHints":{"allow":["GET"]}}],"collection":[{"href":"http:\/\/planet-parapente.com\/index.php?rest_route=\/wp\/v2\/pages"}],"about":[{"href":"http:\/\/planet-parapente.com\/index.php?rest_route=\/wp\/v2\/types\/page"}],"author":[{"embeddable":true,"href":"http:\/\/planet-parapente.com\/index.php?rest_route=\/wp\/v2\/users\/1"}],"replies":[{"embeddable":true,"href":"http:\/\/planet-parapente.com\/index.php?rest_route=%2Fwp%2Fv2%2Fcomments&post=27"}],"version-history":[{"count":6,"href":"http:\/\/planet-parapente.com\/index.php?rest_route=\/wp\/v2\/pages\/27\/revisions"}],"predecessor-version":[{"id":1976,"href":"http:\/\/planet-parapente.com\/index.php?rest_route=\/wp\/v2\/pages\/27\/revisions\/1976"}],"wp:featuredmedia":[{"embeddable":true,"href":"http:\/\/planet-parapente.com\/index.php?rest_route=\/wp\/v2\/media\/543"}],"wp:attachment":[{"href":"http:\/\/planet-parapente.com\/index.php?rest_route=%2Fwp%2Fv2%2Fmedia&parent=27"}],"curies":[{"name":"wp","href":"https:\/\/api.w.org\/{rel}","templated":true}]}}