{"id":2705,"date":"2025-02-17T09:45:42","date_gmt":"2025-02-17T08:45:42","guid":{"rendered":"http:\/\/planet-parapente.com\/?page_id=2705"},"modified":"2025-02-17T10:29:52","modified_gmt":"2025-02-17T09:29:52","slug":"la-boutique-planet-parapente-vous-propose-laltirando-lite-2","status":"publish","type":"page","link":"http:\/\/planet-parapente.com\/?page_id=2705","title":{"rendered":"La Boutique Planet Parapente vous propose: L&rsquo;AltiRando Lite 2"},"content":{"rendered":"\n<div class=\"wp-block-columns is-layout-flex wp-container-core-columns-is-layout-9d6595d7 wp-block-columns-is-layout-flex\">\n<div class=\"wp-block-column is-layout-flow wp-block-column-is-layout-flow\">\n<p class=\"has-medium-font-size\"><strong>L&rsquo;AltiRando lite 2<\/strong> est une sellette de la marque Supair dite r\u00e9versible, mais son originalit\u00e9 c&rsquo;est que la r\u00e9versibilit\u00e9 est un sac de portage l\u00e9ger mais qui est amovible par de simples fermetures \u00e9clairs.<\/p>\n\n\n\n<p class=\"has-medium-font-size\">Au niveau point d&rsquo;accroche ils se font directement niveau ventrale. <\/p>\n\n\n\n<p class=\"has-medium-font-size\">C&rsquo;est une <strong>assise hybride<\/strong>, un plateau pour du confort de pilotage et <strong>cuissarde<\/strong> .<\/p>\n\n\n\n<p class=\"has-medium-font-size\">Elle offre une protection par un <strong>Airbag pr\u00e9form\u00e9<\/strong> par des arceaux rigides.<\/p>\n\n\n\n<p class=\"has-medium-font-size\">Le <strong>secour<\/strong>s est install\u00e9 dans un pod sp\u00e9cial et plac\u00e9 sou l&rsquo;assise dans un<strong> tiroir<\/strong>.<\/p>\n\n\n\n<p class=\"has-medium-font-size\">Une seule couleur P\u00e9trole<\/p>\n\n\n\n<p class=\"has-medium-font-size\">Plus d&rsquo;infos sur le site de la Marque <a href=\"https:\/\/supair.com\/produit\/sellette-supair-evo-lite-2\/\"> SUPAIR <\/a><\/p>\n\n\n\n<p class=\"has-medium-font-size\">Le Prix Catalogue est de:   <strong>1150 \u20ac<\/strong> une remise vous sera accord\u00e9e en fonction de votre anciennet\u00e9 dans notre \u00c9cole&#8230;.. nous demander<\/p>\n\n\n\n<p class=\"has-medium-font-size\">Nous vous offrons le montage du secours et la prise en main de votre sellette.<\/p>\n\n\n\n<figure class=\"wp-block-image size-full\"><img loading=\"lazy\" decoding=\"async\" width=\"448\" height=\"278\" src=\"http:\/\/planet-parapente.com\/wp\/wp-content\/uploads\/2025\/02\/altisecours.png\" alt=\"\" class=\"wp-image-2713\" srcset=\"http:\/\/planet-parapente.com\/wp\/wp-content\/uploads\/2025\/02\/altisecours.png 448w, http:\/\/planet-parapente.com\/wp\/wp-content\/uploads\/2025\/02\/altisecours-300x186.png 300w\" sizes=\"auto, (max-width: 448px) 100vw, 448px\" \/><\/figure>\n\n\n\n<figure class=\"wp-block-image size-full\"><img loading=\"lazy\" decoding=\"async\" width=\"448\" height=\"299\" src=\"http:\/\/planet-parapente.com\/wp\/wp-content\/uploads\/2025\/02\/dsc01742-scaled-1.jpg\" alt=\"\" class=\"wp-image-2730\" srcset=\"http:\/\/planet-parapente.com\/wp\/wp-content\/uploads\/2025\/02\/dsc01742-scaled-1.jpg 448w, http:\/\/planet-parapente.com\/wp\/wp-content\/uploads\/2025\/02\/dsc01742-scaled-1-300x200.jpg 300w, http:\/\/planet-parapente.com\/wp\/wp-content\/uploads\/2025\/02\/dsc01742-scaled-1-272x182.jpg 272w\" sizes=\"auto, (max-width: 448px) 100vw, 448px\" \/><\/figure>\n<\/div>\n\n\n\n<div class=\"wp-block-column is-layout-flow wp-block-column-is-layout-flow\">\n<figure class=\"wp-block-image size-full\"><a href=\"https:\/\/supair.com\/produit\/sellette-supair-altirando-lite-2\/\" target=\"_blank\" rel=\" noreferrer noopener\"><img loading=\"lazy\" decoding=\"async\" width=\"172\" height=\"120\" src=\"http:\/\/planet-parapente.com\/wp\/wp-content\/uploads\/2025\/02\/170x120.png\" alt=\"\" class=\"wp-image-2486\"\/><\/a><\/figure>\n\n\n\n<div style=\"height:100px\" aria-hidden=\"true\" class=\"wp-block-spacer\"><\/div>\n\n\n\n<figure class=\"wp-block-image size-full\"><img loading=\"lazy\" decoding=\"async\" width=\"448\" height=\"299\" src=\"http:\/\/planet-parapente.com\/wp\/wp-content\/uploads\/2025\/02\/dsc00694-1536x1024-1-rotated.jpg\" alt=\"\" class=\"wp-image-2706\" srcset=\"http:\/\/planet-parapente.com\/wp\/wp-content\/uploads\/2025\/02\/dsc00694-1536x1024-1-rotated.jpg 448w, http:\/\/planet-parapente.com\/wp\/wp-content\/uploads\/2025\/02\/dsc00694-1536x1024-1-300x200.jpg 300w, http:\/\/planet-parapente.com\/wp\/wp-content\/uploads\/2025\/02\/dsc00694-1536x1024-1-272x182.jpg 272w\" sizes=\"auto, (max-width: 448px) 100vw, 448px\" \/><\/figure>\n\n\n\n<figure class=\"wp-block-image size-full\"><img loading=\"lazy\" decoding=\"async\" width=\"448\" height=\"321\" src=\"http:\/\/planet-parapente.com\/wp\/wp-content\/uploads\/2025\/02\/Capture-decran-2025-02-17-090559.png\" alt=\"\" class=\"wp-image-2708\" srcset=\"http:\/\/planet-parapente.com\/wp\/wp-content\/uploads\/2025\/02\/Capture-decran-2025-02-17-090559.png 448w, http:\/\/planet-parapente.com\/wp\/wp-content\/uploads\/2025\/02\/Capture-decran-2025-02-17-090559-300x215.png 300w\" sizes=\"auto, (max-width: 448px) 100vw, 448px\" \/><\/figure>\n\n\n\n<div style=\"height:48px\" aria-hidden=\"true\" class=\"wp-block-spacer\"><\/div>\n\n\n\n<figure class=\"wp-block-image size-full\"><img loading=\"lazy\" decoding=\"async\" width=\"448\" height=\"312\" src=\"http:\/\/planet-parapente.com\/wp\/wp-content\/uploads\/2025\/02\/dsc02104-1536x1024-1.jpg\" alt=\"\" class=\"wp-image-2707\" srcset=\"http:\/\/planet-parapente.com\/wp\/wp-content\/uploads\/2025\/02\/dsc02104-1536x1024-1.jpg 448w, http:\/\/planet-parapente.com\/wp\/wp-content\/uploads\/2025\/02\/dsc02104-1536x1024-1-300x209.jpg 300w\" sizes=\"auto, (max-width: 448px) 100vw, 448px\" \/><\/figure>\n<\/div>\n<\/div>\n\n\n\n<p class=\"has-large-font-size\">Guide des tailles<\/p>\n\n\n\n<figure class=\"wp-block-table\"><table class=\"has-fixed-layout\"><thead><tr><th>S<\/th><th>M<\/th><th>L<\/th><th>XL<\/th><\/tr><\/thead><\/table><\/figure>\n\n\n\n<p><strong>Taille du pilote en Cm:<\/strong><\/p>\n\n\n\n<figure class=\"wp-block-table\"><table class=\"has-fixed-layout\"><tbody><tr><td>155 &#8211; 175<\/td><td>170 &#8211; 185<\/td><td>180 &#8211; 195<\/td><td>190 &#8211; 205<\/td><\/tr><\/tbody><\/table><\/figure>\n\n\n\n<p><strong>Poids Pilote  (Kg) :<\/strong><\/p>\n\n\n\n<figure class=\"wp-block-table\"><table class=\"has-fixed-layout\"><tbody><tr><td>60 &#8211; 80<\/td><td>65 &#8211; 85<\/td><td>70 &#8211; 100<\/td><td>90 -120<\/td><\/tr><\/tbody><\/table><\/figure>\n\n\n\n<p><strong>Poids de la sellette Ready To Fly (kg)<\/strong><\/p>\n\n\n\n<figure class=\"wp-block-table\"><table class=\"has-fixed-layout\"><tbody><tr><td>2.58<\/td><td>2.83<\/td><td>2.95<\/td><td>3.07<\/td><\/tr><\/tbody><\/table><\/figure>\n\n\n\n<figure class=\"wp-block-embed is-type-video is-provider-youtube wp-block-embed-youtube wp-embed-aspect-16-9 wp-has-aspect-ratio\"><div class=\"wp-block-embed__wrapper\">\n<div class=\"fitvids-video\"><iframe loading=\"lazy\" title=\"Altirando Lite 2\" width=\"783\" height=\"440\" src=\"https:\/\/www.youtube.com\/embed\/df-u3ergLCs?feature=oembed\" frameborder=\"0\" allow=\"accelerometer; autoplay; clipboard-write; encrypted-media; gyroscope; picture-in-picture; web-share\" referrerpolicy=\"strict-origin-when-cross-origin\" allowfullscreen><\/iframe><\/div>\n<\/div><\/figure>\n","protected":false},"excerpt":{"rendered":"<p>L&rsquo;AltiRando lite 2 est une sellette de la marque Supair dite r\u00e9versible, mais son originalit\u00e9 c&rsquo;est que la r\u00e9versibilit\u00e9 est un sac de portage l\u00e9ger<\/p>\n","protected":false},"author":1,"featured_media":0,"parent":0,"menu_order":0,"comment_status":"closed","ping_status":"closed","template":"","meta":{"footnotes":""},"class_list":["post-2705","page","type-page","status-publish","hentry"],"_links":{"self":[{"href":"http:\/\/planet-parapente.com\/index.php?rest_route=\/wp\/v2\/pages\/2705","targetHints":{"allow":["GET"]}}],"collection":[{"href":"http:\/\/planet-parapente.com\/index.php?rest_route=\/wp\/v2\/pages"}],"about":[{"href":"http:\/\/planet-parapente.com\/index.php?rest_route=\/wp\/v2\/types\/page"}],"author":[{"embeddable":true,"href":"http:\/\/planet-parapente.com\/index.php?rest_route=\/wp\/v2\/users\/1"}],"replies":[{"embeddable":true,"href":"http:\/\/planet-parapente.com\/index.php?rest_route=%2Fwp%2Fv2%2Fcomments&post=2705"}],"version-history":[{"count":18,"href":"http:\/\/planet-parapente.com\/index.php?rest_route=\/wp\/v2\/pages\/2705\/revisions"}],"predecessor-version":[{"id":2736,"href":"http:\/\/planet-parapente.com\/index.php?rest_route=\/wp\/v2\/pages\/2705\/revisions\/2736"}],"wp:attachment":[{"href":"http:\/\/planet-parapente.com\/index.php?rest_route=%2Fwp%2Fv2%2Fmedia&parent=2705"}],"curies":[{"name":"wp","href":"https:\/\/api.w.org\/{rel}","templated":true}]}}