{"id":2739,"date":"2025-02-17T15:02:44","date_gmt":"2025-02-17T14:02:44","guid":{"rendered":"http:\/\/planet-parapente.com\/?page_id=2739"},"modified":"2025-02-17T15:03:45","modified_gmt":"2025-02-17T14:03:45","slug":"la-boutique-planet-parapente-vous-propose-le-secours-shine","status":"publish","type":"page","link":"http:\/\/planet-parapente.com\/?page_id=2739","title":{"rendered":"La Boutique Planet Parapente vous propose : Le secours Shine"},"content":{"rendered":"\n<div class=\"wp-block-columns is-layout-flex wp-container-core-columns-is-layout-9d6595d7 wp-block-columns-is-layout-flex\">\n<div class=\"wp-block-column is-layout-flow wp-block-column-is-layout-flow\">\n<p class=\"has-medium-font-size\">De la marque Supair , ce secours est le r\u00e9sultat de l&rsquo;exp\u00e9rience de la marque , \u00e0 la fois l\u00e9ger et compact sans \u00eatre ultra light .C&rsquo;est un parachute rond  avec apex. Il est moiti\u00e9 blanc , moiti\u00e9 rouge pour un pliage sans se prendre la t\u00eate<\/p>\n\n\n\n<p class=\"has-medium-font-size\">le Prix Catalogue est de: <strong> <\/strong><\/p>\n\n\n\n<p class=\"has-medium-font-size\"><strong>  640  \u20ac<\/strong> pour la taille S<\/p>\n\n\n\n<p class=\"has-medium-font-size\"> <strong>700  \u20ac<\/strong> pour la taille M<\/p>\n\n\n\n<p class=\"has-medium-font-size\"><strong> 750  \u20ac<\/strong> pour la taille L <\/p>\n\n\n\n<p class=\"has-medium-font-size\">une remise vous sera accord\u00e9e en fonction de votre anciennet\u00e9 dans notre \u00c9cole\u2026.. nous demander .Merci \u00e0 vous<\/p>\n<\/div>\n\n\n\n<div class=\"wp-block-column is-layout-flow wp-block-column-is-layout-flow\">\n<figure class=\"wp-block-image size-full\"><a href=\"https:\/\/supair.com\/produit\/parachute-supair-shine\/\"><img loading=\"lazy\" decoding=\"async\" width=\"160\" height=\"140\" src=\"http:\/\/planet-parapente.com\/wp\/wp-content\/uploads\/2025\/02\/Supair160x160.png\" alt=\"\" class=\"wp-image-2501\"\/><\/a><figcaption class=\"wp-element-caption\"><strong>Plus d&rsquo;Infos en Cliquant L&rsquo;Image<\/strong><\/figcaption><\/figure>\n\n\n\n<figure class=\"wp-block-image size-full\"><img loading=\"lazy\" decoding=\"async\" width=\"840\" height=\"450\" src=\"http:\/\/planet-parapente.com\/wp\/wp-content\/uploads\/2025\/02\/shine_.webp\" alt=\"\" class=\"wp-image-2290\" srcset=\"http:\/\/planet-parapente.com\/wp\/wp-content\/uploads\/2025\/02\/shine_.webp 840w, http:\/\/planet-parapente.com\/wp\/wp-content\/uploads\/2025\/02\/shine_-300x161.webp 300w, http:\/\/planet-parapente.com\/wp\/wp-content\/uploads\/2025\/02\/shine_-768x411.webp 768w\" sizes=\"auto, (max-width: 840px) 100vw, 840px\" \/><\/figure>\n<\/div>\n<\/div>\n\n\n\n<p class=\"has-medium-font-size\">Guide des tailles<\/p>\n\n\n\n<figure class=\"wp-block-table\"><table><tbody><tr><td>Poids<\/td><td>1100 g<\/td><td>1250 g<\/td><td>1540 g<\/td><\/tr><tr><td>PTV max (Poids Total Volant sans le parapente)<\/td><td>85 kg<\/td><td>105 kg<\/td><td>125 kg<\/td><\/tr><tr><td>Surface<\/td><td>28,10 m\u00b2<\/td><td>31,15 m\u00b2<\/td><td>38,94 m\u00b2<\/td><\/tr><tr><td>Nombre de panneaux<\/td><td>14<\/td><td>16<\/td><td>18<\/td><\/tr><tr><td>L &#8211; Largeur pli\u00e9<\/td><td>20 cm<\/td><td>21 cm<\/td><td>23 cm<\/td><\/tr><tr><td>i &#8211; Profondeur pli\u00e9<\/td><td>23 cm<\/td><td>25 cm<\/td><td>26 cm<\/td><\/tr><tr><td>H &#8211; Hauteur pli\u00e9<\/td><td>6 cm<\/td><td>7 cm<\/td><td>8 cm<\/td><\/tr><\/tbody><\/table><\/figure>\n\n\n\n<div class=\"wp-block-columns is-layout-flex wp-container-core-columns-is-layout-9d6595d7 wp-block-columns-is-layout-flex\">\n<div class=\"wp-block-column is-layout-flow wp-block-column-is-layout-flow\">\n<figure class=\"wp-block-image size-full\"><img loading=\"lazy\" decoding=\"async\" width=\"350\" height=\"233\" src=\"http:\/\/planet-parapente.com\/wp\/wp-content\/uploads\/2025\/02\/shema_taille1.png.webp\" alt=\"\" class=\"wp-image-2741\" srcset=\"http:\/\/planet-parapente.com\/wp\/wp-content\/uploads\/2025\/02\/shema_taille1.png.webp 350w, http:\/\/planet-parapente.com\/wp\/wp-content\/uploads\/2025\/02\/shema_taille1.png-300x200.webp 300w, http:\/\/planet-parapente.com\/wp\/wp-content\/uploads\/2025\/02\/shema_taille1.png-272x182.webp 272w\" sizes=\"auto, (max-width: 350px) 100vw, 350px\" \/><\/figure>\n<\/div>\n\n\n\n<div class=\"wp-block-column is-layout-flow wp-block-column-is-layout-flow\">\n<figure class=\"wp-block-image size-full\"><img loading=\"lazy\" decoding=\"async\" width=\"840\" height=\"450\" src=\"http:\/\/planet-parapente.com\/wp\/wp-content\/uploads\/2025\/02\/shine_slider3.png.webp\" alt=\"\" class=\"wp-image-2742\" srcset=\"http:\/\/planet-parapente.com\/wp\/wp-content\/uploads\/2025\/02\/shine_slider3.png.webp 840w, http:\/\/planet-parapente.com\/wp\/wp-content\/uploads\/2025\/02\/shine_slider3.png-300x161.webp 300w, http:\/\/planet-parapente.com\/wp\/wp-content\/uploads\/2025\/02\/shine_slider3.png-768x411.webp 768w\" sizes=\"auto, (max-width: 840px) 100vw, 840px\" \/><\/figure>\n<\/div>\n<\/div>\n","protected":false},"excerpt":{"rendered":"<p>De la marque Supair , ce secours est le r\u00e9sultat de l&rsquo;exp\u00e9rience de la marque , \u00e0 la fois l\u00e9ger et compact sans \u00eatre ultra<\/p>\n","protected":false},"author":1,"featured_media":0,"parent":0,"menu_order":0,"comment_status":"closed","ping_status":"closed","template":"","meta":{"footnotes":""},"class_list":["post-2739","page","type-page","status-publish","hentry"],"_links":{"self":[{"href":"http:\/\/planet-parapente.com\/index.php?rest_route=\/wp\/v2\/pages\/2739","targetHints":{"allow":["GET"]}}],"collection":[{"href":"http:\/\/planet-parapente.com\/index.php?rest_route=\/wp\/v2\/pages"}],"about":[{"href":"http:\/\/planet-parapente.com\/index.php?rest_route=\/wp\/v2\/types\/page"}],"author":[{"embeddable":true,"href":"http:\/\/planet-parapente.com\/index.php?rest_route=\/wp\/v2\/users\/1"}],"replies":[{"embeddable":true,"href":"http:\/\/planet-parapente.com\/index.php?rest_route=%2Fwp%2Fv2%2Fcomments&post=2739"}],"version-history":[{"count":2,"href":"http:\/\/planet-parapente.com\/index.php?rest_route=\/wp\/v2\/pages\/2739\/revisions"}],"predecessor-version":[{"id":2744,"href":"http:\/\/planet-parapente.com\/index.php?rest_route=\/wp\/v2\/pages\/2739\/revisions\/2744"}],"wp:attachment":[{"href":"http:\/\/planet-parapente.com\/index.php?rest_route=%2Fwp%2Fv2%2Fmedia&parent=2739"}],"curies":[{"name":"wp","href":"https:\/\/api.w.org\/{rel}","templated":true}]}}