{"id":2747,"date":"2025-02-18T12:04:13","date_gmt":"2025-02-18T11:04:13","guid":{"rendered":"http:\/\/planet-parapente.com\/?page_id=2747"},"modified":"2025-02-18T14:57:37","modified_gmt":"2025-02-18T13:57:37","slug":"la-boutique-planet-parapente-vous-propose-leona-4-en-a","status":"publish","type":"page","link":"http:\/\/planet-parapente.com\/?page_id=2747","title":{"rendered":"La Boutique Planet Parapente vous propose : L&rsquo;EONA 4    EN-A"},"content":{"rendered":"\n<div class=\"wp-block-columns is-layout-flex wp-container-core-columns-is-layout-9d6595d7 wp-block-columns-is-layout-flex\">\n<div class=\"wp-block-column is-layout-flow wp-block-column-is-layout-flow\">\n<p class=\"has-medium-font-size\">L&rsquo;aile pour apprendre mais que de chez SUPAIR.<\/p>\n\n\n\n<p class=\"has-medium-font-size\">L&rsquo;Eona 4 est une aile moderne par sa conception et durable par le choix de ses mat\u00e9riaux. La pr\u00e9-vol est ais\u00e9e, sa l\u00e9g\u00e8ret\u00e9 permet un gonflage sans trop d&rsquo;effort. C&rsquo;est une aile pour d\u00e9buter le vol , le thermique et pour progresser en tranquillit\u00e9. Elle se d\u00e9cline en 3 coloris.<\/p>\n\n\n\n<p class=\"has-medium-font-size\">Elle est fournie avec sac de portage , acc\u00e9l\u00e9rateur, sac de voile, kit r\u00e9paration.<\/p>\n\n\n\n<p class=\"has-medium-font-size\">Le Prix Catalogue est de: <strong>      3490  \u20ac<\/strong> une remise vous sera accord\u00e9e en fonction de votre anciennet\u00e9 dans notre \u00c9cole\u2026.. nous demander .Merci \u00e0 vous<\/p>\n<\/div>\n\n\n\n<div class=\"wp-block-column is-layout-flow wp-block-column-is-layout-flow\">\n<figure class=\"wp-block-image size-large is-resized\"><img loading=\"lazy\" decoding=\"async\" width=\"1024\" height=\"683\" src=\"http:\/\/planet-parapente.com\/wp\/wp-content\/uploads\/2025\/02\/supair_paragliding-school-glider-en-a_eona4-1536x1025-1-1024x683.jpg\" alt=\"\" class=\"wp-image-2281\" style=\"width:378px;height:auto\" srcset=\"http:\/\/planet-parapente.com\/wp\/wp-content\/uploads\/2025\/02\/supair_paragliding-school-glider-en-a_eona4-1536x1025-1-1024x683.jpg 1024w, http:\/\/planet-parapente.com\/wp\/wp-content\/uploads\/2025\/02\/supair_paragliding-school-glider-en-a_eona4-1536x1025-1-300x200.jpg 300w, http:\/\/planet-parapente.com\/wp\/wp-content\/uploads\/2025\/02\/supair_paragliding-school-glider-en-a_eona4-1536x1025-1-768x513.jpg 768w, http:\/\/planet-parapente.com\/wp\/wp-content\/uploads\/2025\/02\/supair_paragliding-school-glider-en-a_eona4-1536x1025-1-272x182.jpg 272w, http:\/\/planet-parapente.com\/wp\/wp-content\/uploads\/2025\/02\/supair_paragliding-school-glider-en-a_eona4-1536x1025-1.jpg 1536w\" sizes=\"auto, (max-width: 1024px) 100vw, 1024px\" \/><\/figure>\n\n\n\n<figure class=\"wp-block-image size-full\"><a href=\"https:\/\/supair.com\/produit\/aile-parapente-supair-en-a-eona4\/\"><img loading=\"lazy\" decoding=\"async\" width=\"172\" height=\"120\" src=\"http:\/\/planet-parapente.com\/wp\/wp-content\/uploads\/2025\/02\/170x120.png\" alt=\"\" class=\"wp-image-2486\"\/><\/a><figcaption class=\"wp-element-caption\"><strong>Plus d&rsquo;Infos en Cliquant L&rsquo;Image<\/strong><\/figcaption><\/figure>\n<\/div>\n<\/div>\n\n\n\n<div class=\"wp-block-columns is-layout-flex wp-container-core-columns-is-layout-9d6595d7 wp-block-columns-is-layout-flex\">\n<div class=\"wp-block-column is-layout-flow wp-block-column-is-layout-flow\">\n<figure class=\"wp-block-image size-large\"><img loading=\"lazy\" decoding=\"async\" width=\"1024\" height=\"576\" src=\"http:\/\/planet-parapente.com\/wp\/wp-content\/uploads\/2025\/02\/dsc_0720-1536x1025-1-1024x576.jpg\" alt=\"\" class=\"wp-image-2751\" srcset=\"http:\/\/planet-parapente.com\/wp\/wp-content\/uploads\/2025\/02\/dsc_0720-1536x1025-1-1024x576.jpg 1024w, http:\/\/planet-parapente.com\/wp\/wp-content\/uploads\/2025\/02\/dsc_0720-1536x1025-1-300x169.jpg 300w, http:\/\/planet-parapente.com\/wp\/wp-content\/uploads\/2025\/02\/dsc_0720-1536x1025-1-768x432.jpg 768w, http:\/\/planet-parapente.com\/wp\/wp-content\/uploads\/2025\/02\/dsc_0720-1536x1025-1.jpg 1536w\" sizes=\"auto, (max-width: 1024px) 100vw, 1024px\" \/><\/figure>\n<\/div>\n\n\n\n<div class=\"wp-block-column is-layout-flow wp-block-column-is-layout-flow\">\n<figure class=\"wp-block-image size-large\"><img loading=\"lazy\" decoding=\"async\" width=\"1024\" height=\"521\" src=\"http:\/\/planet-parapente.com\/wp\/wp-content\/uploads\/2025\/02\/dsc_0800-1536x1024-1-1024x521.jpg\" alt=\"\" class=\"wp-image-2752\" srcset=\"http:\/\/planet-parapente.com\/wp\/wp-content\/uploads\/2025\/02\/dsc_0800-1536x1024-1-1024x521.jpg 1024w, http:\/\/planet-parapente.com\/wp\/wp-content\/uploads\/2025\/02\/dsc_0800-1536x1024-1-300x153.jpg 300w, http:\/\/planet-parapente.com\/wp\/wp-content\/uploads\/2025\/02\/dsc_0800-1536x1024-1-768x391.jpg 768w, http:\/\/planet-parapente.com\/wp\/wp-content\/uploads\/2025\/02\/dsc_0800-1536x1024-1.jpg 1523w\" sizes=\"auto, (max-width: 1024px) 100vw, 1024px\" \/><\/figure>\n<\/div>\n\n\n\n<div class=\"wp-block-column is-layout-flow wp-block-column-is-layout-flow\">\n<figure class=\"wp-block-image size-large\"><img loading=\"lazy\" decoding=\"async\" width=\"1024\" height=\"576\" src=\"http:\/\/planet-parapente.com\/wp\/wp-content\/uploads\/2025\/02\/dsc_0821-1536x1024-1-1024x576.jpg\" alt=\"\" class=\"wp-image-2753\" srcset=\"http:\/\/planet-parapente.com\/wp\/wp-content\/uploads\/2025\/02\/dsc_0821-1536x1024-1-1024x576.jpg 1024w, http:\/\/planet-parapente.com\/wp\/wp-content\/uploads\/2025\/02\/dsc_0821-1536x1024-1-300x169.jpg 300w, http:\/\/planet-parapente.com\/wp\/wp-content\/uploads\/2025\/02\/dsc_0821-1536x1024-1-768x432.jpg 768w, http:\/\/planet-parapente.com\/wp\/wp-content\/uploads\/2025\/02\/dsc_0821-1536x1024-1.jpg 1255w\" sizes=\"auto, (max-width: 1024px) 100vw, 1024px\" \/><\/figure>\n<\/div>\n<\/div>\n\n\n\n<p class=\"has-medium-font-size\">GUIDE des Tailles<\/p>\n\n\n\n<figure class=\"wp-block-table\"><table class=\"has-fixed-layout\"><thead><tr><th>XS<\/th><th>S<\/th><th>M<\/th><th>ML<\/th><th>L<\/th><\/tr><\/thead><\/table><\/figure>\n\n\n\n<p>Plage Poids Total Volant (PTV) (Kg)<\/p>\n\n\n\n<figure class=\"wp-block-table\"><table class=\"has-fixed-layout\"><tbody><tr><td>50 &#8211; 70<\/td><td>65 &#8211; 85<\/td><td>80 &#8211; 105<\/td><td>90 &#8211; 115<\/td><td>105 &#8211; 130<\/td><\/tr><\/tbody><\/table><\/figure>\n\n\n\n<p>Poids de la voile (Kg)<\/p>\n\n\n\n<figure class=\"wp-block-table\"><table class=\"has-fixed-layout\"><tbody><tr><td>4.2<\/td><td>4.55<\/td><td>4.9<\/td><td>5.2<\/td><td>5.<\/td><\/tr><\/tbody><\/table><\/figure>\n\n\n\n<p>Surface \u00e0 plat (m\u00b2)<\/p>\n\n\n\n<figure class=\"wp-block-table\"><table class=\"has-fixed-layout\"><tbody><tr><td>22<\/td><td>24.5<\/td><td>27<\/td><td>29<\/td><td>31.3<\/td><\/tr><\/tbody><\/table><\/figure>\n\n\n\n<p>Allongement \u00e0 plat<\/p>\n\n\n\n<figure class=\"wp-block-table\"><table class=\"has-fixed-layout\"><tbody><tr><td>4.83<\/td><td>4.83<\/td><td>4.83<\/td><td>4.83<\/td><td>4.83<\/td><\/tr><\/tbody><\/table><\/figure>\n\n\n\n<figure class=\"wp-block-embed is-type-video is-provider-youtube wp-block-embed-youtube wp-embed-aspect-16-9 wp-has-aspect-ratio\"><div class=\"wp-block-embed__wrapper\">\n<div class=\"fitvids-video\"><iframe loading=\"lazy\" title=\"Video technique Eona 4\" width=\"783\" height=\"440\" src=\"https:\/\/www.youtube.com\/embed\/wkOG-drgSX0?feature=oembed\" frameborder=\"0\" allow=\"accelerometer; autoplay; clipboard-write; encrypted-media; gyroscope; picture-in-picture; web-share\" referrerpolicy=\"strict-origin-when-cross-origin\" allowfullscreen><\/iframe><\/div>\n<\/div><\/figure>\n","protected":false},"excerpt":{"rendered":"<p>L&rsquo;aile pour apprendre mais que de chez SUPAIR. L&rsquo;Eona 4 est une aile moderne par sa conception et durable par le choix de ses mat\u00e9riaux.<\/p>\n","protected":false},"author":1,"featured_media":0,"parent":0,"menu_order":0,"comment_status":"closed","ping_status":"closed","template":"","meta":{"footnotes":""},"class_list":["post-2747","page","type-page","status-publish","hentry"],"_links":{"self":[{"href":"http:\/\/planet-parapente.com\/index.php?rest_route=\/wp\/v2\/pages\/2747","targetHints":{"allow":["GET"]}}],"collection":[{"href":"http:\/\/planet-parapente.com\/index.php?rest_route=\/wp\/v2\/pages"}],"about":[{"href":"http:\/\/planet-parapente.com\/index.php?rest_route=\/wp\/v2\/types\/page"}],"author":[{"embeddable":true,"href":"http:\/\/planet-parapente.com\/index.php?rest_route=\/wp\/v2\/users\/1"}],"replies":[{"embeddable":true,"href":"http:\/\/planet-parapente.com\/index.php?rest_route=%2Fwp%2Fv2%2Fcomments&post=2747"}],"version-history":[{"count":7,"href":"http:\/\/planet-parapente.com\/index.php?rest_route=\/wp\/v2\/pages\/2747\/revisions"}],"predecessor-version":[{"id":2760,"href":"http:\/\/planet-parapente.com\/index.php?rest_route=\/wp\/v2\/pages\/2747\/revisions\/2760"}],"wp:attachment":[{"href":"http:\/\/planet-parapente.com\/index.php?rest_route=%2Fwp%2Fv2%2Fmedia&parent=2747"}],"curies":[{"name":"wp","href":"https:\/\/api.w.org\/{rel}","templated":true}]}}