{"id":481,"date":"2016-12-29T12:12:05","date_gmt":"2016-12-29T11:12:05","guid":{"rendered":"http:\/\/planet-parapente.com\/wp\/?page_id=481"},"modified":"2022-02-25T17:55:25","modified_gmt":"2022-02-25T16:55:25","slug":"label-ffvl","status":"publish","type":"page","link":"http:\/\/planet-parapente.com\/?page_id=481","title":{"rendered":"Label FFVL"},"content":{"rendered":"<p><a href=\"https:\/\/federation.ffvl.fr\/\"><img loading=\"lazy\" decoding=\"async\" class=\"alignnone size-full wp-image-860\" src=\"http:\/\/planet-parapente.com\/wp\/wp-content\/uploads\/2017\/03\/EFVLsansAnnee171-1-1.png\" alt=\"\" width=\"155\" height=\"155\" srcset=\"http:\/\/planet-parapente.com\/wp\/wp-content\/uploads\/2017\/03\/EFVLsansAnnee171-1-1.png 155w, http:\/\/planet-parapente.com\/wp\/wp-content\/uploads\/2017\/03\/EFVLsansAnnee171-1-1-150x150.png 150w\" sizes=\"auto, (max-width: 155px) 100vw, 155px\" \/><\/a><\/p>\n<div class=\"texte\">\n<p class=\"spip\">L\u2019\u00e9cole Planet Parapente est labellis\u00e9e <strong class=\"spip\">Ecole Fran\u00e7aise de Vol Libre<\/strong> (EFVL) (n\u00b005904)<\/p>\n<p class=\"spip\">Les \u00e9coles labellis\u00e9es par la <a class=\"spip_out\" href=\"http:\/\/www.ffvl.fr\/\">F\u00e9d\u00e9ration Fran\u00e7aise de Vol Libre<\/a> s\u2019engagent \u00e0 respecter une charte de qualit\u00e9\u00a0: elles sont une vitrine de l\u2019activit\u00e9 et le statut et le label qui leur sont attribu\u00e9s d\u00e9terminent leurs pr\u00e9rogatives en mati\u00e8re d\u2019enseignement.<\/p>\n<p class=\"spip\">Ainsi Planet Parapente s\u2019engage \u00e0 vous proposer\u00a0:<\/p>\n<p class=\"spip\"><img loading=\"lazy\" decoding=\"async\" src=\"http:\/\/www.planet-parapente.com\/dist\/puce.gif\" alt=\"-\" width=\"8\" height=\"11\" \/>\u00a0des prestations de qualit\u00e9<br \/>\n<img loading=\"lazy\" decoding=\"async\" src=\"http:\/\/www.planet-parapente.com\/dist\/puce.gif\" alt=\"-\" width=\"8\" height=\"11\" \/>\u00a0des moyens et une logistique au service de la progression p\u00e9dagogique (th\u00e9orique et pratique) du passeport de vol libre<br \/>\n<img loading=\"lazy\" decoding=\"async\" src=\"http:\/\/www.planet-parapente.com\/dist\/puce.gif\" alt=\"-\" width=\"8\" height=\"11\" \/>\u00a0des sites adapt\u00e9s \u00e0 l\u2019enseignement<br \/>\n<img loading=\"lazy\" decoding=\"async\" src=\"http:\/\/www.planet-parapente.com\/dist\/puce.gif\" alt=\"-\" width=\"8\" height=\"11\" \/>\u00a0un mat\u00e9riel homologu\u00e9 et adapt\u00e9 au niveau de chacun<\/p>\n<p class=\"spip\">Planet Parapente est en outre labellis\u00e9e biplace.<\/p>\n<p class=\"spip\">Lien\u00a0:<br \/>\n<img loading=\"lazy\" decoding=\"async\" src=\"http:\/\/www.planet-parapente.com\/dist\/puce.gif\" alt=\"-\" width=\"8\" height=\"11\" \/>\u00a0les <a class=\"spip_out\" href=\"http:\/\/www.efvl.fr\/engagements_ecoles\">Les engagements des \u00e9coles EFVL<\/a><\/p>\n<\/div>\n","protected":false},"excerpt":{"rendered":"<p>L\u2019\u00e9cole Planet Parapente est labellis\u00e9e Ecole Fran\u00e7aise de Vol Libre (EFVL) (n\u00b005904) Les \u00e9coles labellis\u00e9es par la F\u00e9d\u00e9ration Fran\u00e7aise de Vol Libre s\u2019engagent \u00e0 respecter<\/p>\n","protected":false},"author":1,"featured_media":0,"parent":0,"menu_order":0,"comment_status":"closed","ping_status":"closed","template":"","meta":{"footnotes":""},"class_list":["post-481","page","type-page","status-publish","hentry"],"_links":{"self":[{"href":"http:\/\/planet-parapente.com\/index.php?rest_route=\/wp\/v2\/pages\/481","targetHints":{"allow":["GET"]}}],"collection":[{"href":"http:\/\/planet-parapente.com\/index.php?rest_route=\/wp\/v2\/pages"}],"about":[{"href":"http:\/\/planet-parapente.com\/index.php?rest_route=\/wp\/v2\/types\/page"}],"author":[{"embeddable":true,"href":"http:\/\/planet-parapente.com\/index.php?rest_route=\/wp\/v2\/users\/1"}],"replies":[{"embeddable":true,"href":"http:\/\/planet-parapente.com\/index.php?rest_route=%2Fwp%2Fv2%2Fcomments&post=481"}],"version-history":[{"count":2,"href":"http:\/\/planet-parapente.com\/index.php?rest_route=\/wp\/v2\/pages\/481\/revisions"}],"predecessor-version":[{"id":1871,"href":"http:\/\/planet-parapente.com\/index.php?rest_route=\/wp\/v2\/pages\/481\/revisions\/1871"}],"wp:attachment":[{"href":"http:\/\/planet-parapente.com\/index.php?rest_route=%2Fwp%2Fv2%2Fmedia&parent=481"}],"curies":[{"name":"wp","href":"https:\/\/api.w.org\/{rel}","templated":true}]}}