{"id":51,"date":"2015-07-20T10:47:34","date_gmt":"2015-07-20T10:47:34","guid":{"rendered":"http:\/\/demo.themegrill.com\/himalayas-pro\/?page_id=51"},"modified":"2025-01-21T14:51:04","modified_gmt":"2025-01-21T13:51:04","slug":"robust-features","status":"publish","type":"page","link":"http:\/\/planet-parapente.com\/?page_id=51","title":{"rendered":"Varier les sites, crosser"},"content":{"rendered":"\n<figure class=\"wp-block-image size-full\"><img loading=\"lazy\" decoding=\"async\" width=\"839\" height=\"472\" src=\"http:\/\/planet-parapente.com\/wp\/wp-content\/uploads\/2022\/02\/crosser.jpg\" alt=\"\" class=\"wp-image-1894\" srcset=\"http:\/\/planet-parapente.com\/wp\/wp-content\/uploads\/2022\/02\/crosser.jpg 839w, http:\/\/planet-parapente.com\/wp\/wp-content\/uploads\/2022\/02\/crosser-300x169.jpg 300w, http:\/\/planet-parapente.com\/wp\/wp-content\/uploads\/2022\/02\/crosser-768x432.jpg 768w\" sizes=\"auto, (max-width: 839px) 100vw, 839px\" \/><figcaption class=\"wp-element-caption\"><strong>Site du Sapenay , vue sur le Lac du Bourget<\/strong><\/figcaption><\/figure>\n\n\n\n<p class=\"has-medium-font-size\">Vous \u00eates pilote autonome et vous avez envie de continuer \u00e0 progresser, venez avec nous pour faire du vol de dur\u00e9e sur diff\u00e9rents site avec <strong>Planet Multi-sites<\/strong> ou d\u00e9couvrir le vol de distance avec <strong>Planet Cross<\/strong>.<\/p>\n\n\n\n<p class=\"has-medium-font-size\"><strong>1.<mark style=\"background-color:#000000\" class=\"has-inline-color has-white-color\"> Planet Montagne <\/mark><mark style=\"background-color:#000000\" class=\"has-inline-color has-vivid-red-color\">Multi-Sites<\/mark><\/strong><\/p>\n\n\n\n<p class=\"has-medium-font-size\">Planet Montagne Multi-Sites vous emm\u00e8ne en balade en montagne. L&rsquo;objectif est de d\u00e9couvrir des sites vari\u00e9s et diff\u00e9rents. Vous aurez un seul moniteur. Nous allons sur le ou les sites qui nous permettrons d&rsquo;exploiter au mieux les conditions a\u00e9rologiques du jour. Nous allons g\u00e9n\u00e9ralement en Savoie et nous rayonnons autour de Chamb\u00e9ry sur les sites d&rsquo;Annecy, de St Hilaire-du-Touvet, de Montlambert, Chamoux, du Sapenay, le Semnoz&#8230; Votre moniteur vous conseillera et vous guidera pour exploiter au mieux ces sites et leurs conditions a\u00e9rologiques, pour effectuer des vols de dur\u00e9e.<\/p>\n\n\n\n<p class=\"has-medium-font-size\">Planet Montagne Multi-Sites s&rsquo;adresse aux pilotes autonomes \u00e0 l&rsquo;atterrissage et qui poss\u00e8dent une exp\u00e9rience du vol en thermique. Si vous n&rsquo;avez pas votre mat\u00e9riel nous pouvons vous en fournir.<\/p>\n\n\n\n<p class=\"has-medium-font-size\"><strong>Combien \u00e7a co\u00fbte ?<\/strong><\/p>\n\n\n\n<p class=\"has-medium-font-size\">Avec votre \u00e9quipement personnel complet, aile, sellette, radio, secours :<br>S\u00e9jour de 3 jours: <strong>295 \u20ac<\/strong><br>S\u00e9jour de 4 jours: <strong>385 \u20ac<\/strong><br>S\u00e9jour de 5 jours: <strong>475 \u20ac<\/strong><br><\/p>\n\n\n\n<p><\/p>\n\n\n\n<p class=\"has-medium-font-size\">Avec le mat\u00e9riel pr\u00eat\u00e9 par l&rsquo;\u00e9cole:<br>S\u00e9jour de 3 jours: <strong>345 \u20ac<\/strong><br>S\u00e9jour de 4 jours: <strong>440 \u20ac<\/strong><br>S\u00e9jour de 5 jours: <strong>525 \u20ac<\/strong><br><\/p>\n\n\n\n<!--more-->\n\n\n\n<p class=\"has-medium-font-size\"><strong>2.<mark style=\"background-color:#000000\" class=\"has-inline-color has-white-color\"> Planet Montagne <\/mark><mark style=\"background-color:#000000\" class=\"has-inline-color has-pale-cyan-blue-color\">Mini-Cross<\/mark><\/strong><\/p>\n\n\n\n<p class=\"has-medium-font-size\">Planet Montagne Cross offre des s\u00e9jours \u00e0 la montagne o\u00f9 le vol de distance est la priorit\u00e9. Vous serez accompagn\u00e9 d&rsquo;un moniteur, soit en vol soit au sol. L&rsquo;objectif de ces s\u00e9jours est de progresser dans le vol de distance.<\/p>\n\n\n\n<p class=\"has-medium-font-size\">Nous allons en Savoie, r\u00e9gion que nous connaissons bien et o\u00f9 il y a beaucoup de sites se pr\u00eatant \u00e0 cette activit\u00e9 : Montlambert, Semnoz, Sire, Annecy, Revard, St Hilaire&#8230;<\/p>\n\n\n\n<p class=\"has-medium-font-size\"><strong>Planet Montagne Mini-Cross<\/strong> est accessible aux pilotes ayant une exp\u00e9rience du vol en thermique et maitrisant le face voile. Ces s\u00e9jours s&rsquo;adressent \u00e0 ceux qui veulent d\u00e9buter dans le vol de distance comme aux pilotes confirm\u00e9s\u00a0 souhaitant profiter de notre logistique et de nos conseils.<\/p>\n\n\n\n<p class=\"has-medium-font-size\"><strong>Combien \u00e7a co\u00fbte ?<\/strong><\/p>\n\n\n\n<p><\/p>\n\n\n\n<p class=\"has-medium-font-size\">Avec votre \u00e9quipement personnel complet, aile, sellette, radio, secours et&nbsp; deux moniteur:<\/p>\n\n\n\n<p><strong>Deux moniteurs<\/strong><\/p>\n\n\n\n<p class=\"has-medium-font-size\">S\u00e9jour de 4 jours:  <strong>495 \u20ac<\/strong><br>S\u00e9jour de 5 jours: <strong> 555 \u20ac<\/strong><\/p>\n\n\n\n<p><\/p>\n","protected":false},"excerpt":{"rendered":"<p>Vous \u00eates pilote autonome et vous avez envie de continuer \u00e0 progresser, venez avec nous pour faire du vol de dur\u00e9e sur diff\u00e9rents site avec<\/p>\n","protected":false},"author":1,"featured_media":1894,"parent":0,"menu_order":0,"comment_status":"open","ping_status":"open","template":"page-templates\/template-services.php","meta":{"footnotes":""},"class_list":["post-51","page","type-page","status-publish","has-post-thumbnail","hentry"],"_links":{"self":[{"href":"http:\/\/planet-parapente.com\/index.php?rest_route=\/wp\/v2\/pages\/51","targetHints":{"allow":["GET"]}}],"collection":[{"href":"http:\/\/planet-parapente.com\/index.php?rest_route=\/wp\/v2\/pages"}],"about":[{"href":"http:\/\/planet-parapente.com\/index.php?rest_route=\/wp\/v2\/types\/page"}],"author":[{"embeddable":true,"href":"http:\/\/planet-parapente.com\/index.php?rest_route=\/wp\/v2\/users\/1"}],"replies":[{"embeddable":true,"href":"http:\/\/planet-parapente.com\/index.php?rest_route=%2Fwp%2Fv2%2Fcomments&post=51"}],"version-history":[{"count":23,"href":"http:\/\/planet-parapente.com\/index.php?rest_route=\/wp\/v2\/pages\/51\/revisions"}],"predecessor-version":[{"id":2248,"href":"http:\/\/planet-parapente.com\/index.php?rest_route=\/wp\/v2\/pages\/51\/revisions\/2248"}],"wp:featuredmedia":[{"embeddable":true,"href":"http:\/\/planet-parapente.com\/index.php?rest_route=\/wp\/v2\/media\/1894"}],"wp:attachment":[{"href":"http:\/\/planet-parapente.com\/index.php?rest_route=%2Fwp%2Fv2%2Fmedia&parent=51"}],"curies":[{"name":"wp","href":"https:\/\/api.w.org\/{rel}","templated":true}]}}