{"id":466,"date":"2016-12-29T10:55:20","date_gmt":"2016-12-29T09:55:20","guid":{"rendered":"http:\/\/planet-parapente.com\/wp\/?page_id=466"},"modified":"2025-01-31T10:35:53","modified_gmt":"2025-01-31T09:35:53","slug":"decouvrir","status":"publish","type":"page","link":"https:\/\/planet-parapente.com\/?page_id=466","title":{"rendered":"APPRENDRE"},"content":{"rendered":"<p>En \u00cele-de-France, \u00e0 la montagne, en bord de mer, \u00e0 l&rsquo;\u00e9tranger<\/p>\n","protected":false},"excerpt":{"rendered":"<p>En \u00cele-de-France, \u00e0 la montagne, en bord de mer, \u00e0 l&rsquo;\u00e9tranger<\/p>\n","protected":false},"author":1,"featured_media":2275,"parent":0,"menu_order":0,"comment_status":"closed","ping_status":"closed","template":"","meta":{"footnotes":""},"class_list":["post-466","page","type-page","status-publish","has-post-thumbnail","hentry"],"_links":{"self":[{"href":"https:\/\/planet-parapente.com\/index.php?rest_route=\/wp\/v2\/pages\/466","targetHints":{"allow":["GET"]}}],"collection":[{"href":"https:\/\/planet-parapente.com\/index.php?rest_route=\/wp\/v2\/pages"}],"about":[{"href":"https:\/\/planet-parapente.com\/index.php?rest_route=\/wp\/v2\/types\/page"}],"author":[{"embeddable":true,"href":"https:\/\/planet-parapente.com\/index.php?rest_route=\/wp\/v2\/users\/1"}],"replies":[{"embeddable":true,"href":"https:\/\/planet-parapente.com\/index.php?rest_route=%2Fwp%2Fv2%2Fcomments&post=466"}],"version-history":[{"count":2,"href":"https:\/\/planet-parapente.com\/index.php?rest_route=\/wp\/v2\/pages\/466\/revisions"}],"predecessor-version":[{"id":630,"href":"https:\/\/planet-parapente.com\/index.php?rest_route=\/wp\/v2\/pages\/466\/revisions\/630"}],"wp:featuredmedia":[{"embeddable":true,"href":"https:\/\/planet-parapente.com\/index.php?rest_route=\/wp\/v2\/media\/2275"}],"wp:attachment":[{"href":"https:\/\/planet-parapente.com\/index.php?rest_route=%2Fwp%2Fv2%2Fmedia&parent=466"}],"curies":[{"name":"wp","href":"https:\/\/api.w.org\/{rel}","templated":true}]}}