{"id":62,"date":"2015-07-20T11:17:49","date_gmt":"2015-07-20T11:17:49","guid":{"rendered":"http:\/\/demo.themegrill.com\/himalayas-pro\/?page_id=62"},"modified":"2017-02-22T19:18:05","modified_gmt":"2017-02-22T18:18:05","slug":"denial-steve","status":"publish","type":"page","link":"https:\/\/planet-parapente.com\/?page_id=62","title":{"rendered":"Nos Collaborateurs"},"content":{"rendered":"<p>Lors de nos d\u00e9placements en montagne et quand cela est n\u00e9cessaire, nous nous appuyons sur une \u00e9quipe de moniteurs tous dipl\u00f4m\u00e9s d&rsquo;Etat.<\/p>\n<p>Jean, R\u00e9my, Eric, Damien, &#8230; merci \u00e0 eux !<\/p>\n","protected":false},"excerpt":{"rendered":"<p>Lors de nos d\u00e9placements en montagne et quand cela est n\u00e9cessaire, nous nous appuyons sur une \u00e9quipe de moniteurs tous dipl\u00f4m\u00e9s d&rsquo;Etat. Jean, R\u00e9my, Eric,<\/p>\n","protected":false},"author":1,"featured_media":721,"parent":0,"menu_order":0,"comment_status":"open","ping_status":"open","template":"page-templates\/template-team.php","meta":{"footnotes":""},"class_list":["post-62","page","type-page","status-publish","has-post-thumbnail","hentry"],"_links":{"self":[{"href":"https:\/\/planet-parapente.com\/index.php?rest_route=\/wp\/v2\/pages\/62","targetHints":{"allow":["GET"]}}],"collection":[{"href":"https:\/\/planet-parapente.com\/index.php?rest_route=\/wp\/v2\/pages"}],"about":[{"href":"https:\/\/planet-parapente.com\/index.php?rest_route=\/wp\/v2\/types\/page"}],"author":[{"embeddable":true,"href":"https:\/\/planet-parapente.com\/index.php?rest_route=\/wp\/v2\/users\/1"}],"replies":[{"embeddable":true,"href":"https:\/\/planet-parapente.com\/index.php?rest_route=%2Fwp%2Fv2%2Fcomments&post=62"}],"version-history":[{"count":4,"href":"https:\/\/planet-parapente.com\/index.php?rest_route=\/wp\/v2\/pages\/62\/revisions"}],"predecessor-version":[{"id":787,"href":"https:\/\/planet-parapente.com\/index.php?rest_route=\/wp\/v2\/pages\/62\/revisions\/787"}],"wp:featuredmedia":[{"embeddable":true,"href":"https:\/\/planet-parapente.com\/index.php?rest_route=\/wp\/v2\/media\/721"}],"wp:attachment":[{"href":"https:\/\/planet-parapente.com\/index.php?rest_route=%2Fwp%2Fv2%2Fmedia&parent=62"}],"curies":[{"name":"wp","href":"https:\/\/api.w.org\/{rel}","templated":true}]}}