{"id":744,"date":"2017-01-06T10:14:50","date_gmt":"2017-01-06T09:14:50","guid":{"rendered":"http:\/\/planet-parapente.com\/wp\/?page_id=744"},"modified":"2017-03-04T02:39:41","modified_gmt":"2017-03-04T01:39:41","slug":"venez-chez-nous-tenter-laventure-parapente","status":"publish","type":"page","link":"https:\/\/planet-parapente.com\/?page_id=744","title":{"rendered":"Osez l&rsquo;aventure parapente !"},"content":{"rendered":"<figure id=\"attachment_877\" aria-describedby=\"caption-attachment-877\" style=\"width: 1024px\" class=\"wp-caption aligncenter\"><img loading=\"lazy\" decoding=\"async\" class=\"size-full wp-image-877\" src=\"http:\/\/planet-parapente.com\/wp\/wp-content\/uploads\/2017\/03\/PICT0043-1024.jpg\" alt=\"\" width=\"1024\" height=\"491\" srcset=\"https:\/\/planet-parapente.com\/wp\/wp-content\/uploads\/2017\/03\/PICT0043-1024.jpg 1024w, https:\/\/planet-parapente.com\/wp\/wp-content\/uploads\/2017\/03\/PICT0043-1024-300x144.jpg 300w, https:\/\/planet-parapente.com\/wp\/wp-content\/uploads\/2017\/03\/PICT0043-1024-768x368.jpg 768w\" sizes=\"auto, (max-width: 1024px) 100vw, 1024px\" \/><figcaption id=\"caption-attachment-877\" class=\"wp-caption-text\">Andalousie 2015<\/figcaption><\/figure>\n<p>Vous faites vos premiers pas en r\u00e9gion parisienne : apprendre \u00e0 pr\u00e9parer son parapente, \u00e0 gonfler son aile et faire vos premiers d\u00e9collages sur de petites pentes.\u00a0 \u00c7a y est vous \u00eates pr\u00eat(e) ! Vous poursuivez ensuite votre progression \u00e0 la montagne avec vos premiers grands vols&#8230; jusqu&rsquo;aux longs cross.<\/p>\n<p>Si vous \u00eates pilote autonome nous vous accueillons pour poursuivre votre progression, partir \u00e0 la d\u00e9couverte de nouveaux sites, en France ou \u00e0 l&rsquo;\u00e9tranger.<\/p>\n<p>Planet Parapente, \u00e9cole professionnelle qui f\u00eate en 2017 ses 10 ans d&rsquo;exp\u00e9rience, vous accompagne quel que soit votre niveau, vos ambitions et votre rythme. Les valeurs qui nous animent sont le plaisir, la convivialit\u00e9, la d\u00e9couverte et la s\u00e9curit\u00e9.<\/p>\n","protected":false},"excerpt":{"rendered":"<p>Vous faites vos premiers pas en r\u00e9gion parisienne : apprendre \u00e0 pr\u00e9parer son parapente, \u00e0 gonfler son aile et faire vos premiers d\u00e9collages sur de<\/p>\n","protected":false},"author":1,"featured_media":874,"parent":0,"menu_order":0,"comment_status":"closed","ping_status":"closed","template":"","meta":{"footnotes":""},"class_list":["post-744","page","type-page","status-publish","has-post-thumbnail","hentry"],"_links":{"self":[{"href":"https:\/\/planet-parapente.com\/index.php?rest_route=\/wp\/v2\/pages\/744","targetHints":{"allow":["GET"]}}],"collection":[{"href":"https:\/\/planet-parapente.com\/index.php?rest_route=\/wp\/v2\/pages"}],"about":[{"href":"https:\/\/planet-parapente.com\/index.php?rest_route=\/wp\/v2\/types\/page"}],"author":[{"embeddable":true,"href":"https:\/\/planet-parapente.com\/index.php?rest_route=\/wp\/v2\/users\/1"}],"replies":[{"embeddable":true,"href":"https:\/\/planet-parapente.com\/index.php?rest_route=%2Fwp%2Fv2%2Fcomments&post=744"}],"version-history":[{"count":21,"href":"https:\/\/planet-parapente.com\/index.php?rest_route=\/wp\/v2\/pages\/744\/revisions"}],"predecessor-version":[{"id":1239,"href":"https:\/\/planet-parapente.com\/index.php?rest_route=\/wp\/v2\/pages\/744\/revisions\/1239"}],"wp:featuredmedia":[{"embeddable":true,"href":"https:\/\/planet-parapente.com\/index.php?rest_route=\/wp\/v2\/media\/874"}],"wp:attachment":[{"href":"https:\/\/planet-parapente.com\/index.php?rest_route=%2Fwp%2Fv2%2Fmedia&parent=744"}],"curies":[{"name":"wp","href":"https:\/\/api.w.org\/{rel}","templated":true}]}}